{"id":1787,"date":"2025-12-22T13:49:37","date_gmt":"2025-12-22T13:49:37","guid":{"rendered":"https:\/\/goldzinocasino.com\/login-and-registration\/"},"modified":"2025-12-23T11:07:58","modified_gmt":"2025-12-23T11:07:58","slug":"inicio-de-sessao-e-registo","status":"publish","type":"page","link":"https:\/\/goldzinocasino.com\/pt-pt\/inicio-de-sessao-e-registo\/","title":{"rendered":"In\u00edcio de sess\u00e3o e registo"},"content":{"rendered":"<h1>In\u00edcio de sess\u00e3o no Goldzino \u2013 instru\u00e7\u00f5es f\u00e1ceis para iniciar sess\u00e3o e criar uma conta<\/h1>\n<p>Para come\u00e7ar a jogar com dinheiro real, tem de passar pelo simples processo de Goldzino login ou registo para jogadores portugueses. Aceitamos utilizadores com 18 anos ou mais. Para criar uma conta na nossa plataforma, s\u00f3 precisa de fornecer o seu endere\u00e7o de e-mail e palavra-passe. Depois disso, ter\u00e1 acesso a todos os t\u00edtulos e funcionalidades do Goldzino Casino Portugal.<\/p>\n<p><div class=\"banner-wrap\" aria-label=\"Banner\"><img src=\"https:\/\/goldzinocasino.com\/wp-content\/uploads\/2025\/12\/Banner-Desktop.webp\" class=\"w-100 d-none d-lg-block img-pc main-banner-img\" alt=\"Banner Desktop\" fetchpriority=\"high\" decoding=\"async\"><img src=\"https:\/\/goldzinocasino.com\/wp-content\/uploads\/2025\/12\/Group-376214.webp\" class=\"w-100 d-none d-md-block d-lg-none main-banner-img\" alt=\"goldzino bonus\" fetchpriority=\"high\" decoding=\"async\"><img src=\"https:\/\/goldzinocasino.com\/wp-content\/uploads\/2025\/12\/Group-376214.webp\" class=\"w-100 d-md-none\" alt=\"goldzino bonus\" fetchpriority=\"high\" decoding=\"async\"><div class=\"banner-description\">\n<div class=\"banner-title\">B\u00f3nus De Boas-Vindas<\/div>\n<p class=\"banner-header-title\">1500 \u20ac<\/p>\n<div class=\"banner-header-AdditionalText\">+ 250 rodadas gr\u00e1tis<\/div>\n<button data-item=\"homepage_banner_link\" class=\"goto m-button m-gradient-border m-button--primary m-button--large banner-button btn-orange\">\n            <div class=\"m-button-content\">\n                <span>Registe-se agora<\/span>\n                <span><\/span>\n            <\/div>\n        <\/button>\n<\/div>\n<div class=\"WelcomePack\">\n<p><img loading=\"lazy\" decoding=\"async\" class=\"alignnone size-full wp-image-1391\" src=\"https:\/\/goldzinocasino.com\/wp-content\/uploads\/2025\/12\/welcome-crown.svg\" alt=\"welcome crown\" width=\"25\" height=\"26\" \/><\/p>\n<div class=\"WelcomePack-Info\">Cashback semanal at\u00e9 25%<\/div>\n<p><img loading=\"lazy\" decoding=\"async\" class=\"alignnone size-full wp-image-1391\" src=\"https:\/\/goldzinocasino.com\/wp-content\/uploads\/2025\/12\/welcome-crown.svg\" alt=\"welcome crown\" width=\"25\" height=\"26\" \/><\/p>\n<\/div>\n<\/div><div class=\"scrollable-content-wrap my-5\"><div class=\"scrollable-content-inner\"><h2>Registo de jogador no Goldzino Casino<\/h2>\n<p>O registo no Goldzino Casino \u00e9 simples. A maioria dos utilizadores precisa apenas de alguns minutos para o concluir. Mas \u00e9 um passo essencial para aceder a mais de 6.000 t\u00edtulos em diferentes categorias e a todas as outras fun\u00e7\u00f5es do casino online.<\/p>\n<p>Pode alterar as suas informa\u00e7\u00f5es pessoais ou de pagamento na sua conta. Como apoiamos o jogo respons\u00e1vel, tamb\u00e9m encontrar\u00e1 ferramentas para definir limites financeiros e de tempo na sua conta. Al\u00e9m disso, h\u00e1 uma vis\u00e3o geral completa do seu processo de jogo, dep\u00f3sitos, b\u00f3nus e muito mais.<\/p>\n<p>Ap\u00f3s o registo, pode participar no programa de refer\u00eancia. Nas defini\u00e7\u00f5es, encontrar\u00e1 o link para partilhar com os seus amigos, colegas ou familiares. Se eles se registarem com o seu link, receber\u00e1 uma recompensa. Pode encontrar informa\u00e7\u00f5es detalhadas na sec\u00e7\u00e3o \u00abConvidar amigos\u00bb do seu perfil.<\/p>\n<h3>Crie a sua conta<\/h3>\n<p>O primeiro passo na plataforma Gold Zino \u00e9 criar um perfil. Concebemos o processo para ser r\u00e1pido e simples, para que os novos utilizadores possam orientar-se facilmente. Tem de seguir as instru\u00e7\u00f5es abaixo para criar a sua conta no Goldzino Casino em apenas alguns minutos:<\/p>\n<ol>\n<li>Tem de clicar no bot\u00e3o dourado \u00abInscrever-se\u00bb na p\u00e1gina inicial do nosso site.<\/li>\n<li>Todos os utilizadores devem introduzir o seu e-mail e criar uma palavra-passe forte para registar uma nova conta.<\/li>\n<li>Deve ler os termos e condi\u00e7\u00f5es do nosso site e concordar que tem 18 anos ou mais.<\/li>\n<li>Recomendamos que verifique todas as informa\u00e7\u00f5es introduzidas. Depois disso, deve clicar no bot\u00e3o \u00abInscrever-se\u00bb no final do formul\u00e1rio de registo.<\/li>\n<\/ol>\n<p>Para ter acesso a todas as funcionalidades do Goldzino, \u00e9 necess\u00e1rio confirmar o seu endere\u00e7o de e-mail. Deve seguir o link no e-mail que receber\u00e1 do Gold Zino. Em seguida, tamb\u00e9m ter\u00e1 de preencher as suas informa\u00e7\u00f5es pessoais na sua conta.<\/p>\n<h2>Instru\u00e7\u00f5es para iniciar sess\u00e3o na conta Goldzino<\/h2>\n<p>Se j\u00e1 tem uma conta na nossa plataforma, s\u00f3 precisa de passar pelo processo de login no Goldzino. Os utilizadores podem faz\u00ea-lo na vers\u00e3o para computador ou no software m\u00f3vel. Cri\u00e1mos um pequeno guia com os principais passos para o login no Goldzino, para que n\u00e3o se perca:<\/p>\n<ol>\n<li>Tem de clicar no bot\u00e3o \u00abIniciar sess\u00e3o\u00bb no canto superior direito do nosso site.<\/li>\n<li>Todos os utilizadores precisam de inserir o e-mail e a palavra-passe que usaram para se registar no seu perfil do Gold Zino Casino.<\/li>\n<li>Para confirmar os dados introduzidos, \u00e9 necess\u00e1rio clicar no bot\u00e3o \u00abIniciar sess\u00e3o\u00bb.<\/li>\n<\/ol>\n<p>O login no Goldzino abre as portas para todas as funcionalidades do nosso casino online, incluindo mais de 6.000 t\u00edtulos, a sec\u00e7\u00e3o de apostas, pagamentos, torneios e muito mais.<\/p>\n<h3>Esqueceu a sua palavra-passe?<\/h3>\n<p>Recomendamos que guarde o passaporte ap\u00f3s o processo de registo. Mas se o esqueceu, tamb\u00e9m n\u00e3o h\u00e1 problema, temos uma solu\u00e7\u00e3o para si. Durante o processo de login no Goldzino, pode clicar no link \u00abEsqueceu a palavra-passe?\u00bb. Tem de introduzir o seu e-mail para que possamos enviar-lhe o link para redefinir a palavra-passe. Depois disso, com apenas alguns cliques, pode criar uma nova.<\/p>\n<h2>Processo de autentica\u00e7\u00e3o da conta do Goldzino Casino<\/h2>\n<p>Para fazer o seu primeiro levantamento de ganhos, tem de verificar a sua conta. Para isso, pediremos que envie v\u00e1rios documentos num formul\u00e1rio especial. Os nossos gestores ir\u00e3o verific\u00e1-los cuidadosamente e dar-lhe uma resposta dentro de 48 horas.<\/p>\n<p>A autentica\u00e7\u00e3o da conta \u00e9 uma das etapas mais importantes para evitar fraudes e garantir um jogo seguro e justo. Ap\u00f3s concluir o processo de verifica\u00e7\u00e3o uma vez, ter\u00e1 acesso total aos pagamentos de levantamentos sem quaisquer atrasos. Na tabela abaixo, encontrar\u00e1 todos os principais documentos sobre os quais podemos solicitar informa\u00e7\u00f5es.<\/p>\n<table>\n<tbody>\n<tr>\n<td>Tipo de documento<\/td>\n<td>Detalhes<\/td>\n<\/tr>\n<tr>\n<td>Documento de identifica\u00e7\u00e3o v\u00e1lido emitido pelo governo<\/td>\n<td>Passaporte, cart\u00e3o de identidade ou carta de condu\u00e7\u00e3o. \u00c9 necess\u00e1rio para confirmar a sua identidade e idade.<\/td>\n<\/tr>\n<tr>\n<td>Comprovativo de morada<\/td>\n<td>Conta de servi\u00e7os p\u00fablicos recente com menos de 6 meses ou extrato banc\u00e1rio.<\/td>\n<\/tr>\n<tr>\n<td>Comprovativo do m\u00e9todo de pagamento<\/td>\n<td>Captura de ecr\u00e3 ou extrato que confirme a titularidade da conta.<\/td>\n<\/tr>\n<\/tbody>\n<\/table>\n<h2>Perguntas frequentes<\/h2>\n<h3>Quanto tempo demora o processo de verifica\u00e7\u00e3o?<\/h3>\n<p>Oficialmente, o processo de verifica\u00e7\u00e3o demora at\u00e9 48 horas. Mas, na maioria dos casos, os nossos gestores d\u00e3o-lhe uma resposta em 12 horas. Depois de verificar o seu perfil, poder\u00e1 fazer levantamentos imediatamente.<\/p>\n<h3>Posso alterar a minha palavra-passe ou endere\u00e7o de e-mail?<\/h3>\n<p>Pode alterar as suas informa\u00e7\u00f5es pessoais e de pagamento nas defini\u00e7\u00f5es do perfil Gold Zino. Isso tamb\u00e9m funciona para o e-mail e a palavra-passe. A nossa equipa de apoio ao cliente ter\u00e1 todo o prazer em ajud\u00e1-lo com este processo, caso tenha alguma d\u00favida.<\/p>\n<h3>O que devo fazer se n\u00e3o conseguir iniciar sess\u00e3o na minha conta?<\/h3>\n<p>Primeiro, deve verificar os dados introduzidos. Se tudo estiver correto, recomendamos que entre em contacto com o nosso servi\u00e7o de apoio multilingue 24 horas por dia, 7 dias por semana, atrav\u00e9s do chat ao vivo ou por e-mail. Os nossos gestores ir\u00e3o verificar a sua conta e fornecer uma solu\u00e7\u00e3o.<\/p>\n<\/div><\/div><\/p>\n","protected":false},"excerpt":{"rendered":"<p>In\u00edcio de sess\u00e3o no Goldzino \u2013 instru\u00e7\u00f5es f\u00e1ceis para iniciar sess\u00e3o e criar uma conta Para come\u00e7ar a jogar com dinheiro real, tem de passar pelo simples processo de Goldzino login ou registo para jogadores portugueses. Aceitamos utilizadores com 18 anos ou mais. Para criar uma conta na nossa plataforma, s\u00f3 precisa de fornecer o [&hellip;]<\/p>\n","protected":false},"author":1,"featured_media":0,"parent":0,"menu_order":0,"comment_status":"closed","ping_status":"closed","template":"template-builder.php","meta":{"_acf_changed":false,"inline_featured_image":false,"footnotes":""},"class_list":["post-1787","page","type-page","status-publish","hentry"],"acf":[],"yoast_head":"<!-- This site is optimized with the Yoast SEO plugin v27.3 - https:\/\/yoast.com\/product\/yoast-seo-wordpress\/ -->\n<title>Goldzino Login \u2013 Registrar e gerenciar conta\ufeff<\/title>\n<meta name=\"description\" content=\"Registre-se, gerencie e verifique facilmente sua conta no Goldzino Casino. Crie, recupere ou feche sua conta com seguran\u00e7a pelo acesso Goldzino.\" \/>\n<meta name=\"robots\" content=\"index, follow, max-snippet:-1, max-image-preview:large, max-video-preview:-1\" \/>\n<link rel=\"canonical\" href=\"https:\/\/goldzinocasino.com\/pt-pt\/inicio-de-sessao-e-registo\/\" \/>\n<meta property=\"og:locale\" content=\"pt_PT\" \/>\n<meta property=\"og:type\" content=\"article\" \/>\n<meta property=\"og:title\" content=\"Goldzino Login \u2013 Registrar e gerenciar conta\ufeff\" \/>\n<meta property=\"og:description\" content=\"Registre-se, gerencie e verifique facilmente sua conta no Goldzino Casino. Crie, recupere ou feche sua conta com seguran\u00e7a pelo acesso Goldzino.\" \/>\n<meta property=\"og:url\" content=\"https:\/\/goldzinocasino.com\/pt-pt\/inicio-de-sessao-e-registo\/\" \/>\n<meta property=\"og:site_name\" content=\"goldzino\" \/>\n<meta property=\"article:modified_time\" content=\"2025-12-23T11:07:58+00:00\" \/>\n<meta name=\"twitter:card\" content=\"summary_large_image\" \/>\n<meta name=\"twitter:label1\" content=\"Est. reading time\" \/>\n\t<meta name=\"twitter:data1\" content=\"1 minuto\" \/>\n<script type=\"application\/ld+json\" class=\"yoast-schema-graph\">{\"@context\":\"https:\\\/\\\/schema.org\",\"@graph\":[{\"@type\":\"WebPage\",\"@id\":\"https:\\\/\\\/goldzinocasino.com\\\/pt-pt\\\/inicio-de-sessao-e-registo\\\/\",\"url\":\"https:\\\/\\\/goldzinocasino.com\\\/pt-pt\\\/inicio-de-sessao-e-registo\\\/\",\"name\":\"Goldzino Login \u2013 Registrar e gerenciar conta\ufeff\",\"isPartOf\":{\"@id\":\"https:\\\/\\\/goldzinocasino.com\\\/pt-pt\\\/#website\"},\"datePublished\":\"2025-12-22T13:49:37+00:00\",\"dateModified\":\"2025-12-23T11:07:58+00:00\",\"description\":\"Registre-se, gerencie e verifique facilmente sua conta no Goldzino Casino. Crie, recupere ou feche sua conta com seguran\u00e7a pelo acesso Goldzino.\",\"breadcrumb\":{\"@id\":\"https:\\\/\\\/goldzinocasino.com\\\/pt-pt\\\/inicio-de-sessao-e-registo\\\/#breadcrumb\"},\"inLanguage\":\"pt-PT\",\"potentialAction\":[{\"@type\":\"ReadAction\",\"target\":[\"https:\\\/\\\/goldzinocasino.com\\\/pt-pt\\\/inicio-de-sessao-e-registo\\\/\"]}]},{\"@type\":\"BreadcrumbList\",\"@id\":\"https:\\\/\\\/goldzinocasino.com\\\/pt-pt\\\/inicio-de-sessao-e-registo\\\/#breadcrumb\",\"itemListElement\":[{\"@type\":\"ListItem\",\"position\":1,\"name\":\"GoldZino\",\"item\":\"https:\\\/\\\/goldzinocasino.com\\\/pt-pt\\\/\"},{\"@type\":\"ListItem\",\"position\":2,\"name\":\"In\u00edcio de sess\u00e3o e registo\"}]},{\"@type\":\"WebSite\",\"@id\":\"https:\\\/\\\/goldzinocasino.com\\\/pt-pt\\\/#website\",\"url\":\"https:\\\/\\\/goldzinocasino.com\\\/pt-pt\\\/\",\"name\":\"GoldZino\",\"description\":\"\",\"publisher\":{\"@id\":\"https:\\\/\\\/goldzinocasino.com\\\/pt-pt\\\/#organization\"},\"potentialAction\":[{\"@type\":\"SearchAction\",\"target\":{\"@type\":\"EntryPoint\",\"urlTemplate\":\"https:\\\/\\\/goldzinocasino.com\\\/pt-pt\\\/?s={search_term_string}\"},\"query-input\":{\"@type\":\"PropertyValueSpecification\",\"valueRequired\":true,\"valueName\":\"search_term_string\"}}],\"inLanguage\":\"pt-PT\"},{\"@type\":\"Organization\",\"@id\":\"https:\\\/\\\/goldzinocasino.com\\\/pt-pt\\\/#organization\",\"name\":\"GoldZino\",\"url\":\"https:\\\/\\\/goldzinocasino.com\\\/pt-pt\\\/\",\"logo\":{\"@type\":\"ImageObject\",\"inLanguage\":\"pt-PT\",\"@id\":\"https:\\\/\\\/goldzinocasino.com\\\/pt-pt\\\/#\\\/schema\\\/logo\\\/image\\\/\",\"url\":\"https:\\\/\\\/goldzinocasino.com\\\/wp-content\\\/uploads\\\/2025\\\/12\\\/Casino-logo-Desktop-1.png\",\"contentUrl\":\"https:\\\/\\\/goldzinocasino.com\\\/wp-content\\\/uploads\\\/2025\\\/12\\\/Casino-logo-Desktop-1.png\",\"width\":209,\"height\":46,\"caption\":\"GoldZino\"},\"image\":{\"@id\":\"https:\\\/\\\/goldzinocasino.com\\\/pt-pt\\\/#\\\/schema\\\/logo\\\/image\\\/\"}}]}<\/script>\n<!-- \/ Yoast SEO plugin. -->","yoast_head_json":{"title":"Goldzino Login \u2013 Registrar e gerenciar conta\ufeff","description":"Registre-se, gerencie e verifique facilmente sua conta no Goldzino Casino. Crie, recupere ou feche sua conta com seguran\u00e7a pelo acesso Goldzino.","robots":{"index":"index","follow":"follow","max-snippet":"max-snippet:-1","max-image-preview":"max-image-preview:large","max-video-preview":"max-video-preview:-1"},"canonical":"https:\/\/goldzinocasino.com\/pt-pt\/inicio-de-sessao-e-registo\/","og_locale":"pt_PT","og_type":"article","og_title":"Goldzino Login \u2013 Registrar e gerenciar conta\ufeff","og_description":"Registre-se, gerencie e verifique facilmente sua conta no Goldzino Casino. Crie, recupere ou feche sua conta com seguran\u00e7a pelo acesso Goldzino.","og_url":"https:\/\/goldzinocasino.com\/pt-pt\/inicio-de-sessao-e-registo\/","og_site_name":"goldzino","article_modified_time":"2025-12-23T11:07:58+00:00","twitter_card":"summary_large_image","twitter_misc":{"Est. reading time":"1 minuto"},"schema":{"@context":"https:\/\/schema.org","@graph":[{"@type":"WebPage","@id":"https:\/\/goldzinocasino.com\/pt-pt\/inicio-de-sessao-e-registo\/","url":"https:\/\/goldzinocasino.com\/pt-pt\/inicio-de-sessao-e-registo\/","name":"Goldzino Login \u2013 Registrar e gerenciar conta\ufeff","isPartOf":{"@id":"https:\/\/goldzinocasino.com\/pt-pt\/#website"},"datePublished":"2025-12-22T13:49:37+00:00","dateModified":"2025-12-23T11:07:58+00:00","description":"Registre-se, gerencie e verifique facilmente sua conta no Goldzino Casino. Crie, recupere ou feche sua conta com seguran\u00e7a pelo acesso Goldzino.","breadcrumb":{"@id":"https:\/\/goldzinocasino.com\/pt-pt\/inicio-de-sessao-e-registo\/#breadcrumb"},"inLanguage":"pt-PT","potentialAction":[{"@type":"ReadAction","target":["https:\/\/goldzinocasino.com\/pt-pt\/inicio-de-sessao-e-registo\/"]}]},{"@type":"BreadcrumbList","@id":"https:\/\/goldzinocasino.com\/pt-pt\/inicio-de-sessao-e-registo\/#breadcrumb","itemListElement":[{"@type":"ListItem","position":1,"name":"GoldZino","item":"https:\/\/goldzinocasino.com\/pt-pt\/"},{"@type":"ListItem","position":2,"name":"In\u00edcio de sess\u00e3o e registo"}]},{"@type":"WebSite","@id":"https:\/\/goldzinocasino.com\/pt-pt\/#website","url":"https:\/\/goldzinocasino.com\/pt-pt\/","name":"GoldZino","description":"","publisher":{"@id":"https:\/\/goldzinocasino.com\/pt-pt\/#organization"},"potentialAction":[{"@type":"SearchAction","target":{"@type":"EntryPoint","urlTemplate":"https:\/\/goldzinocasino.com\/pt-pt\/?s={search_term_string}"},"query-input":{"@type":"PropertyValueSpecification","valueRequired":true,"valueName":"search_term_string"}}],"inLanguage":"pt-PT"},{"@type":"Organization","@id":"https:\/\/goldzinocasino.com\/pt-pt\/#organization","name":"GoldZino","url":"https:\/\/goldzinocasino.com\/pt-pt\/","logo":{"@type":"ImageObject","inLanguage":"pt-PT","@id":"https:\/\/goldzinocasino.com\/pt-pt\/#\/schema\/logo\/image\/","url":"https:\/\/goldzinocasino.com\/wp-content\/uploads\/2025\/12\/Casino-logo-Desktop-1.png","contentUrl":"https:\/\/goldzinocasino.com\/wp-content\/uploads\/2025\/12\/Casino-logo-Desktop-1.png","width":209,"height":46,"caption":"GoldZino"},"image":{"@id":"https:\/\/goldzinocasino.com\/pt-pt\/#\/schema\/logo\/image\/"}}]}},"_links":{"self":[{"href":"https:\/\/goldzinocasino.com\/pt-pt\/wp-json\/wp\/v2\/pages\/1787","targetHints":{"allow":["GET"]}}],"collection":[{"href":"https:\/\/goldzinocasino.com\/pt-pt\/wp-json\/wp\/v2\/pages"}],"about":[{"href":"https:\/\/goldzinocasino.com\/pt-pt\/wp-json\/wp\/v2\/types\/page"}],"author":[{"embeddable":true,"href":"https:\/\/goldzinocasino.com\/pt-pt\/wp-json\/wp\/v2\/users\/1"}],"replies":[{"embeddable":true,"href":"https:\/\/goldzinocasino.com\/pt-pt\/wp-json\/wp\/v2\/comments?post=1787"}],"version-history":[{"count":2,"href":"https:\/\/goldzinocasino.com\/pt-pt\/wp-json\/wp\/v2\/pages\/1787\/revisions"}],"predecessor-version":[{"id":2074,"href":"https:\/\/goldzinocasino.com\/pt-pt\/wp-json\/wp\/v2\/pages\/1787\/revisions\/2074"}],"wp:attachment":[{"href":"https:\/\/goldzinocasino.com\/pt-pt\/wp-json\/wp\/v2\/media?parent=1787"}],"curies":[{"name":"wp","href":"https:\/\/api.w.org\/{rel}","templated":true}]}}