{"id":1786,"date":"2025-12-22T13:49:37","date_gmt":"2025-12-22T13:49:37","guid":{"rendered":"https:\/\/goldzinocasino.com\/login-and-registration\/"},"modified":"2025-12-23T10:45:11","modified_gmt":"2025-12-23T10:45:11","slug":"logowanie-i-rejestracja","status":"publish","type":"page","link":"https:\/\/goldzinocasino.com\/pl\/logowanie-i-rejestracja\/","title":{"rendered":"Logowanie i rejestracja"},"content":{"rendered":"<h1>Logowanie do Goldzino \u2013 \u0142atwe logowanie i instrukcje dotycz\u0105ce konta<\/h1>\n<p>Aby zacz\u0105\u0107 gra\u0107 na prawdziwe pieni\u0105dze, musisz przej\u015b\u0107 przez prosty proces Goldzino login lub rejestracji. Akceptujemy u\u017cytkownik\u00f3w z Polski, kt\u00f3rzy uko\u0144czyli 18 lat. Aby utworzy\u0107 konto na naszej platformie, wystarczy poda\u0107 adres e-mail i has\u0142o. Nast\u0119pnie uzyskasz dost\u0119p do wszystkich tytu\u0142\u00f3w i funkcji Goldzino Casino w Polsce.<\/p>\n<p><div class=\"banner-wrap\" aria-label=\"Banner\"><img src=\"https:\/\/goldzinocasino.com\/wp-content\/uploads\/2025\/12\/Banner-Desktop.webp\" class=\"w-100 d-none d-lg-block img-pc main-banner-img\" alt=\"Banner Desktop\" fetchpriority=\"high\" decoding=\"async\"><img src=\"https:\/\/goldzinocasino.com\/wp-content\/uploads\/2025\/12\/Group-376214.webp\" class=\"w-100 d-none d-md-block d-lg-none main-banner-img\" alt=\"goldzino bonus\" fetchpriority=\"high\" decoding=\"async\"><img src=\"https:\/\/goldzinocasino.com\/wp-content\/uploads\/2025\/12\/Group-376214.webp\" class=\"w-100 d-md-none\" alt=\"goldzino bonus\" fetchpriority=\"high\" decoding=\"async\"><div class=\"banner-description\">\n<div class=\"banner-title\">Bonusy powitalne<\/div>\n<p class=\"banner-header-title\">1500 \u20ac<\/p>\n<div class=\"banner-header-AdditionalText\">+ 250 Darmowe spiny<\/div>\n<button data-item=\"homepage_banner_link\" class=\"goto m-button m-gradient-border m-button--primary m-button--large banner-button btn-orange\">\n            <div class=\"m-button-content\">\n                <span>Zarejestruj si\u0119 teraz<\/span>\n                <span><\/span>\n            <\/div>\n        <\/button>\n<\/div>\n<div class=\"WelcomePack\">\n<p><img loading=\"lazy\" decoding=\"async\" class=\"alignnone size-full wp-image-1391\" src=\"https:\/\/goldzinocasino.com\/wp-content\/uploads\/2025\/12\/welcome-crown.svg\" alt=\"welcome crown\" width=\"25\" height=\"26\" \/><\/p>\n<div class=\"WelcomePack-Info\">Cotygodniowy zwrot got\u00f3wki do 25%<\/div>\n<p><img loading=\"lazy\" decoding=\"async\" class=\"alignnone size-full wp-image-1391\" src=\"https:\/\/goldzinocasino.com\/wp-content\/uploads\/2025\/12\/welcome-crown.svg\" alt=\"welcome crown\" width=\"25\" height=\"26\" \/><\/p>\n<\/div>\n<\/div><div class=\"scrollable-content-wrap my-5\"><div class=\"scrollable-content-inner\"><h2>Rejestracja gracza w kasynie Goldzino<\/h2>\n<p>Rejestracja w Goldzino Casino jest prosta. Wi\u0119kszo\u015b\u0107 u\u017cytkownik\u00f3w potrzebuje tylko kilku minut, aby j\u0105 zako\u0144czy\u0107. Jest to jednak niezb\u0119dny krok, aby uzyska\u0107 dost\u0119p do ponad 6.000 tytu\u0142\u00f3w w r\u00f3\u017cnych kategoriach i wszystkich innych funkcji kasyna online.<\/p>\n<p>W swoim koncie mo\u017cesz zmieni\u0107 dane osobowe lub informacje dotycz\u0105ce p\u0142atno\u015bci. Poniewa\u017c wspieramy odpowiedzialn\u0105 gr\u0119, w swoim koncie znajdziesz r\u00f3wnie\u017c narz\u0119dzia do ustawiania limit\u00f3w finansowych i czasowych. Opr\u00f3cz tego dost\u0119pny jest pe\u0142ny przegl\u0105d Twojej aktywno\u015bci w grach, wp\u0142at, bonus\u00f3w i wielu innych informacji.<\/p>\n<p>Po rejestracji mo\u017cesz wzi\u0105\u0107 udzia\u0142 w programie polece\u0144. W ustawieniach znajdziesz link, kt\u00f3ry mo\u017cesz udost\u0119pni\u0107 znajomym, wsp\u00f3\u0142pracownikom lub krewnym. Je\u015bli zarejestruj\u0105 si\u0119 za pomoc\u0105 Twojego linku, otrzymasz nagrod\u0119. Szczeg\u00f3\u0142owe informacje znajdziesz w sekcji \u201eZapro\u015b znajomych\u201d w swoim profilu.<\/p>\n<h3>Za\u0142\u00f3\u017c konto<\/h3>\n<p>Pierwszym krokiem na platformie Gold Zino jest utworzenie profilu. Proces ten zaprojektowali\u015bmy tak, aby by\u0142 szybki i prosty, dzi\u0119ki czemu nowi u\u017cytkownicy mog\u0105 \u0142atwo si\u0119 w nim odnale\u017a\u0107. Aby utworzy\u0107 konto w Goldzino Casino w ci\u0105gu zaledwie kilku minut, nale\u017cy post\u0119powa\u0107 zgodnie z poni\u017cszymi instrukcjami:<\/p>\n<ol>\n<li>Nale\u017cy klikn\u0105\u0107 z\u0142oty przycisk \u201eZarejestruj si\u0119\u201d na stronie g\u0142\u00f3wnej naszej witryny internetowej.<\/li>\n<li>Wszyscy u\u017cytkownicy musz\u0105 poda\u0107 sw\u00f3j adres e-mail i utworzy\u0107 silne has\u0142o, aby zarejestrowa\u0107 nowe konto.<\/li>\n<li>Nale\u017cy zapozna\u0107 si\u0119 z warunkami korzystania z naszej strony internetowej i potwierdzi\u0107, \u017ce ma si\u0119 uko\u0144czone 18 lat.<\/li>\n<li>Zalecamy dok\u0142adne sprawdzenie wszystkich wprowadzonych informacji. Nast\u0119pnie nale\u017cy klikn\u0105\u0107 przycisk \u201eZarejestruj si\u0119\u201d na ko\u0144cu formularza rejestracyjnego.<\/li>\n<\/ol>\n<p>Aby uzyska\u0107 dost\u0119p do wszystkich funkcji serwisu Goldzino, konieczne jest potwierdzenie adresu e-mail. Nale\u017cy klikn\u0105\u0107 link zawarty w wiadomo\u015bci e-mail, kt\u00f3r\u0105 otrzymasz od serwisu Gold Zino. Nast\u0119pnie nale\u017cy r\u00f3wnie\u017c poda\u0107 swoje dane osobowe na koncie.<\/p>\n<h2>Instrukcje logowania do konta Goldzino<\/h2>\n<p>Je\u015bli masz ju\u017c konto na naszej platformie, wystarczy przej\u015b\u0107 przez proces logowania do Goldzino. U\u017cytkownicy mog\u0105 to zrobi\u0107 w wersji na komputery stacjonarne lub w oprogramowaniu mobilnym. Przygotowali\u015bmy kr\u00f3tk\u0105 instrukcj\u0119 dotycz\u0105c\u0105 g\u0142\u00f3wnych krok\u00f3w logowania do Goldzino, aby\u015b nie zgubi\u0142 si\u0119 w procesie:<\/p>\n<ol>\n<li>Nale\u017cy klikn\u0105\u0107 przycisk \u201eZaloguj si\u0119\u201d w prawym g\u00f3rnym rogu naszej strony internetowej.<\/li>\n<li>Wszyscy u\u017cytkownicy musz\u0105 wprowadzi\u0107 adres e-mail i has\u0142o u\u017cyte podczas rejestracji profilu w Gold Zino Casino.<\/li>\n<li>Aby potwierdzi\u0107 wprowadzone dane, nale\u017cy klikn\u0105\u0107 przycisk \u201eZaloguj si\u0119\u201d.<\/li>\n<\/ol>\n<p>Zalogowanie si\u0119 do Goldzino otwiera dost\u0119p do wszystkich funkcji naszego kasyna online, w tym ponad 6.000 tytu\u0142\u00f3w, sekcji zak\u0142ad\u00f3w, p\u0142atno\u015bci, turniej\u00f3w i wielu innych.<\/p>\n<h3>Nie pami\u0119tasz has\u0142a?<\/h3>\n<p>Zalecamy zapisanie has\u0142a po zako\u0144czeniu procesu rejestracji. Je\u015bli jednak je zapomnia\u0142e\u015b, nie ma problemu \u2013 mamy dla Ciebie rozwi\u0105zanie. Podczas procesu logowania do Goldzino mo\u017cesz klikn\u0105\u0107 link \u201eNie pami\u0119tasz has\u0142a?\u201d. Musisz poda\u0107 sw\u00f3j adres e-mail, aby\u015bmy mogli wys\u0142a\u0107 Ci link do resetowania has\u0142a. Nast\u0119pnie wystarczy kilka klikni\u0119\u0107, aby utworzy\u0107 nowe has\u0142o.<\/p>\n<h2>Proces uwierzytelniania konta w kasynie Goldzino<\/h2>\n<p>Aby dokona\u0107 pierwszej wyp\u0142aty wygranych, musisz zweryfikowa\u0107 swoje konto. W tym celu poprosimy Ci\u0119 o przes\u0142anie kilku dokument\u00f3w w specjalnym formularzu. Nasi mened\u017cerowie dok\u0142adnie je sprawdz\u0105 i udziel\u0105 odpowiedzi w ci\u0105gu 48 godzin.<\/p>\n<p>Uwierzytelnianie konta jest jednym z najwa\u017cniejszych krok\u00f3w w zapobieganiu oszustwom oraz zapewnianiu bezpiecze\u0144stwa i uczciwo\u015bci gry. Po jednokrotnym przej\u015bciu procesu weryfikacji uzyskasz pe\u0142ny dost\u0119p do wyp\u0142at bez \u017cadnych op\u00f3\u017anie\u0144. W poni\u017cszej tabeli znajdziesz wszystkie g\u0142\u00f3wne dokumenty, o kt\u00f3re mo\u017cemy poprosi\u0107.<\/p>\n<table>\n<tbody>\n<tr>\n<td>Rodzaj dokumentu<\/td>\n<td>Szczeg\u00f3\u0142y<\/td>\n<\/tr>\n<tr>\n<td>Wa\u017cny dokument to\u017csamo\u015bci wydany przez organ rz\u0105dowy<\/td>\n<td>Paszport, dow\u00f3d osobisty lub prawo jazdy. Jest to potrzebne do potwierdzenia Twojej to\u017csamo\u015bci i wieku.<\/td>\n<\/tr>\n<tr>\n<td>Potwierdzenie adresu<\/td>\n<td>Ostatni rachunek za media nie starszy ni\u017c 6 miesi\u0119cy lub wyci\u0105g z konta bankowego.<\/td>\n<\/tr>\n<tr>\n<td>Dow\u00f3d potwierdzenia p\u0142atno\u015bci<\/td>\n<td>Zrzut ekranu lub o\u015bwiadczenie potwierdzaj\u0105ce w\u0142asno\u015b\u0107 konta.<\/td>\n<\/tr>\n<\/tbody>\n<\/table>\n<h2>Cz\u0119sto zadawane pytania<\/h2>\n<h3>Jak d\u0142ugo trwa proces weryfikacji?<\/h3>\n<p>Oficjalnie proces weryfikacji trwa do 48 godzin. Jednak w wi\u0119kszo\u015bci przypadk\u00f3w nasi mened\u017cerowie udzielaj\u0105 odpowiedzi w ci\u0105gu 12 godzin. Po zweryfikowaniu profilu mo\u017cna natychmiast dokonywa\u0107 wyp\u0142at.<\/p>\n<h3>Czy mog\u0119 zmieni\u0107 swoje has\u0142o lub adres e-mail?<\/h3>\n<p>Mo\u017cesz zmieni\u0107 swoje dane p\u0142atnicze i osobowe w ustawieniach profilu Gold Zino. Dotyczy to r\u00f3wnie\u017c adresu e-mail i has\u0142a. Nasz zesp\u00f3\u0142 obs\u0142ugi klienta zawsze ch\u0119tnie pomo\u017ce Ci w tym procesie, je\u015bli napotkasz jakiekolwiek problemy.<\/p>\n<h3>Co mam zrobi\u0107, je\u015bli nie mog\u0119 zalogowa\u0107 si\u0119 na swoje konto?<\/h3>\n<p>Najpierw nale\u017cy sprawdzi\u0107 wprowadzone dane. Je\u015bli wszystko jest poprawne, zalecamy skontaktowanie si\u0119 z naszym ca\u0142odobowym wieloj\u0119zycznym dzia\u0142em pomocy technicznej za po\u015brednictwem czatu na \u017cywo lub poczty elektronicznej. Nasi mened\u017cerowie sprawdz\u0105 Twoje konto i zaproponuj\u0105 rozwi\u0105zanie.<\/p>\n<\/div><\/div><\/p>\n","protected":false},"excerpt":{"rendered":"<p>Logowanie do Goldzino \u2013 \u0142atwe logowanie i instrukcje dotycz\u0105ce konta Aby zacz\u0105\u0107 gra\u0107 na prawdziwe pieni\u0105dze, musisz przej\u015b\u0107 przez prosty proces Goldzino login lub rejestracji. Akceptujemy u\u017cytkownik\u00f3w z Polski, kt\u00f3rzy uko\u0144czyli 18 lat. Aby utworzy\u0107 konto na naszej platformie, wystarczy poda\u0107 adres e-mail i has\u0142o. Nast\u0119pnie uzyskasz dost\u0119p do wszystkich tytu\u0142\u00f3w i funkcji Goldzino Casino [&hellip;]<\/p>\n","protected":false},"author":1,"featured_media":0,"parent":0,"menu_order":0,"comment_status":"closed","ping_status":"closed","template":"template-builder.php","meta":{"_acf_changed":false,"inline_featured_image":false,"footnotes":""},"class_list":["post-1786","page","type-page","status-publish","hentry"],"acf":[],"yoast_head":"<!-- This site is optimized with the Yoast SEO plugin v27.3 - https:\/\/yoast.com\/product\/yoast-seo-wordpress\/ -->\n<title>Goldzino Logowanie \u2013 Rejestracja i zarz\u0105dzanie kontem\ufeff<\/title>\n<meta name=\"description\" content=\"Zarejestruj si\u0119, zarz\u0105dzaj i \u0142atwo weryfikuj swoje konto w Goldzino Casino. Tw\u00f3rz, odzyskuj lub zamykaj konto bezpiecznie przez dost\u0119p Goldzino.\" \/>\n<meta name=\"robots\" content=\"index, follow, max-snippet:-1, max-image-preview:large, max-video-preview:-1\" \/>\n<link rel=\"canonical\" href=\"https:\/\/goldzinocasino.com\/pl\/logowanie-i-rejestracja\/\" \/>\n<meta property=\"og:locale\" content=\"pl_PL\" \/>\n<meta property=\"og:type\" content=\"article\" \/>\n<meta property=\"og:title\" content=\"Goldzino Logowanie \u2013 Rejestracja i zarz\u0105dzanie kontem\ufeff\" \/>\n<meta property=\"og:description\" content=\"Zarejestruj si\u0119, zarz\u0105dzaj i \u0142atwo weryfikuj swoje konto w Goldzino Casino. Tw\u00f3rz, odzyskuj lub zamykaj konto bezpiecznie przez dost\u0119p Goldzino.\" \/>\n<meta property=\"og:url\" content=\"https:\/\/goldzinocasino.com\/pl\/logowanie-i-rejestracja\/\" \/>\n<meta property=\"og:site_name\" content=\"goldzino\" \/>\n<meta property=\"article:modified_time\" content=\"2025-12-23T10:45:11+00:00\" \/>\n<meta name=\"twitter:card\" content=\"summary_large_image\" \/>\n<meta name=\"twitter:label1\" content=\"Est. reading time\" \/>\n\t<meta name=\"twitter:data1\" content=\"1 minuta\" \/>\n<script type=\"application\/ld+json\" class=\"yoast-schema-graph\">{\"@context\":\"https:\\\/\\\/schema.org\",\"@graph\":[{\"@type\":\"WebPage\",\"@id\":\"https:\\\/\\\/goldzinocasino.com\\\/pl\\\/logowanie-i-rejestracja\\\/\",\"url\":\"https:\\\/\\\/goldzinocasino.com\\\/pl\\\/logowanie-i-rejestracja\\\/\",\"name\":\"Goldzino Logowanie \u2013 Rejestracja i zarz\u0105dzanie kontem\ufeff\",\"isPartOf\":{\"@id\":\"https:\\\/\\\/goldzinocasino.com\\\/pl\\\/#website\"},\"datePublished\":\"2025-12-22T13:49:37+00:00\",\"dateModified\":\"2025-12-23T10:45:11+00:00\",\"description\":\"Zarejestruj si\u0119, zarz\u0105dzaj i \u0142atwo weryfikuj swoje konto w Goldzino Casino. Tw\u00f3rz, odzyskuj lub zamykaj konto bezpiecznie przez dost\u0119p Goldzino.\",\"breadcrumb\":{\"@id\":\"https:\\\/\\\/goldzinocasino.com\\\/pl\\\/logowanie-i-rejestracja\\\/#breadcrumb\"},\"inLanguage\":\"pl-PL\",\"potentialAction\":[{\"@type\":\"ReadAction\",\"target\":[\"https:\\\/\\\/goldzinocasino.com\\\/pl\\\/logowanie-i-rejestracja\\\/\"]}]},{\"@type\":\"BreadcrumbList\",\"@id\":\"https:\\\/\\\/goldzinocasino.com\\\/pl\\\/logowanie-i-rejestracja\\\/#breadcrumb\",\"itemListElement\":[{\"@type\":\"ListItem\",\"position\":1,\"name\":\"GoldZino\",\"item\":\"https:\\\/\\\/goldzinocasino.com\\\/pl\\\/\"},{\"@type\":\"ListItem\",\"position\":2,\"name\":\"Logowanie i rejestracja\"}]},{\"@type\":\"WebSite\",\"@id\":\"https:\\\/\\\/goldzinocasino.com\\\/pl\\\/#website\",\"url\":\"https:\\\/\\\/goldzinocasino.com\\\/pl\\\/\",\"name\":\"GoldZino\",\"description\":\"\",\"publisher\":{\"@id\":\"https:\\\/\\\/goldzinocasino.com\\\/pl\\\/#organization\"},\"potentialAction\":[{\"@type\":\"SearchAction\",\"target\":{\"@type\":\"EntryPoint\",\"urlTemplate\":\"https:\\\/\\\/goldzinocasino.com\\\/pl\\\/?s={search_term_string}\"},\"query-input\":{\"@type\":\"PropertyValueSpecification\",\"valueRequired\":true,\"valueName\":\"search_term_string\"}}],\"inLanguage\":\"pl-PL\"},{\"@type\":\"Organization\",\"@id\":\"https:\\\/\\\/goldzinocasino.com\\\/pl\\\/#organization\",\"name\":\"GoldZino\",\"url\":\"https:\\\/\\\/goldzinocasino.com\\\/pl\\\/\",\"logo\":{\"@type\":\"ImageObject\",\"inLanguage\":\"pl-PL\",\"@id\":\"https:\\\/\\\/goldzinocasino.com\\\/pl\\\/#\\\/schema\\\/logo\\\/image\\\/\",\"url\":\"https:\\\/\\\/goldzinocasino.com\\\/wp-content\\\/uploads\\\/2025\\\/12\\\/Casino-logo-Desktop-1.png\",\"contentUrl\":\"https:\\\/\\\/goldzinocasino.com\\\/wp-content\\\/uploads\\\/2025\\\/12\\\/Casino-logo-Desktop-1.png\",\"width\":209,\"height\":46,\"caption\":\"GoldZino\"},\"image\":{\"@id\":\"https:\\\/\\\/goldzinocasino.com\\\/pl\\\/#\\\/schema\\\/logo\\\/image\\\/\"}}]}<\/script>\n<!-- \/ Yoast SEO plugin. -->","yoast_head_json":{"title":"Goldzino Logowanie \u2013 Rejestracja i zarz\u0105dzanie kontem\ufeff","description":"Zarejestruj si\u0119, zarz\u0105dzaj i \u0142atwo weryfikuj swoje konto w Goldzino Casino. Tw\u00f3rz, odzyskuj lub zamykaj konto bezpiecznie przez dost\u0119p Goldzino.","robots":{"index":"index","follow":"follow","max-snippet":"max-snippet:-1","max-image-preview":"max-image-preview:large","max-video-preview":"max-video-preview:-1"},"canonical":"https:\/\/goldzinocasino.com\/pl\/logowanie-i-rejestracja\/","og_locale":"pl_PL","og_type":"article","og_title":"Goldzino Logowanie \u2013 Rejestracja i zarz\u0105dzanie kontem\ufeff","og_description":"Zarejestruj si\u0119, zarz\u0105dzaj i \u0142atwo weryfikuj swoje konto w Goldzino Casino. Tw\u00f3rz, odzyskuj lub zamykaj konto bezpiecznie przez dost\u0119p Goldzino.","og_url":"https:\/\/goldzinocasino.com\/pl\/logowanie-i-rejestracja\/","og_site_name":"goldzino","article_modified_time":"2025-12-23T10:45:11+00:00","twitter_card":"summary_large_image","twitter_misc":{"Est. reading time":"1 minuta"},"schema":{"@context":"https:\/\/schema.org","@graph":[{"@type":"WebPage","@id":"https:\/\/goldzinocasino.com\/pl\/logowanie-i-rejestracja\/","url":"https:\/\/goldzinocasino.com\/pl\/logowanie-i-rejestracja\/","name":"Goldzino Logowanie \u2013 Rejestracja i zarz\u0105dzanie kontem\ufeff","isPartOf":{"@id":"https:\/\/goldzinocasino.com\/pl\/#website"},"datePublished":"2025-12-22T13:49:37+00:00","dateModified":"2025-12-23T10:45:11+00:00","description":"Zarejestruj si\u0119, zarz\u0105dzaj i \u0142atwo weryfikuj swoje konto w Goldzino Casino. Tw\u00f3rz, odzyskuj lub zamykaj konto bezpiecznie przez dost\u0119p Goldzino.","breadcrumb":{"@id":"https:\/\/goldzinocasino.com\/pl\/logowanie-i-rejestracja\/#breadcrumb"},"inLanguage":"pl-PL","potentialAction":[{"@type":"ReadAction","target":["https:\/\/goldzinocasino.com\/pl\/logowanie-i-rejestracja\/"]}]},{"@type":"BreadcrumbList","@id":"https:\/\/goldzinocasino.com\/pl\/logowanie-i-rejestracja\/#breadcrumb","itemListElement":[{"@type":"ListItem","position":1,"name":"GoldZino","item":"https:\/\/goldzinocasino.com\/pl\/"},{"@type":"ListItem","position":2,"name":"Logowanie i rejestracja"}]},{"@type":"WebSite","@id":"https:\/\/goldzinocasino.com\/pl\/#website","url":"https:\/\/goldzinocasino.com\/pl\/","name":"GoldZino","description":"","publisher":{"@id":"https:\/\/goldzinocasino.com\/pl\/#organization"},"potentialAction":[{"@type":"SearchAction","target":{"@type":"EntryPoint","urlTemplate":"https:\/\/goldzinocasino.com\/pl\/?s={search_term_string}"},"query-input":{"@type":"PropertyValueSpecification","valueRequired":true,"valueName":"search_term_string"}}],"inLanguage":"pl-PL"},{"@type":"Organization","@id":"https:\/\/goldzinocasino.com\/pl\/#organization","name":"GoldZino","url":"https:\/\/goldzinocasino.com\/pl\/","logo":{"@type":"ImageObject","inLanguage":"pl-PL","@id":"https:\/\/goldzinocasino.com\/pl\/#\/schema\/logo\/image\/","url":"https:\/\/goldzinocasino.com\/wp-content\/uploads\/2025\/12\/Casino-logo-Desktop-1.png","contentUrl":"https:\/\/goldzinocasino.com\/wp-content\/uploads\/2025\/12\/Casino-logo-Desktop-1.png","width":209,"height":46,"caption":"GoldZino"},"image":{"@id":"https:\/\/goldzinocasino.com\/pl\/#\/schema\/logo\/image\/"}}]}},"_links":{"self":[{"href":"https:\/\/goldzinocasino.com\/pl\/wp-json\/wp\/v2\/pages\/1786","targetHints":{"allow":["GET"]}}],"collection":[{"href":"https:\/\/goldzinocasino.com\/pl\/wp-json\/wp\/v2\/pages"}],"about":[{"href":"https:\/\/goldzinocasino.com\/pl\/wp-json\/wp\/v2\/types\/page"}],"author":[{"embeddable":true,"href":"https:\/\/goldzinocasino.com\/pl\/wp-json\/wp\/v2\/users\/1"}],"replies":[{"embeddable":true,"href":"https:\/\/goldzinocasino.com\/pl\/wp-json\/wp\/v2\/comments?post=1786"}],"version-history":[{"count":2,"href":"https:\/\/goldzinocasino.com\/pl\/wp-json\/wp\/v2\/pages\/1786\/revisions"}],"predecessor-version":[{"id":2025,"href":"https:\/\/goldzinocasino.com\/pl\/wp-json\/wp\/v2\/pages\/1786\/revisions\/2025"}],"wp:attachment":[{"href":"https:\/\/goldzinocasino.com\/pl\/wp-json\/wp\/v2\/media?parent=1786"}],"curies":[{"name":"wp","href":"https:\/\/api.w.org\/{rel}","templated":true}]}}