{"id":1785,"date":"2025-12-22T13:49:37","date_gmt":"2025-12-22T13:49:37","guid":{"rendered":"https:\/\/goldzinocasino.com\/login-and-registration\/"},"modified":"2025-12-23T10:09:17","modified_gmt":"2025-12-23T10:09:17","slug":"accesso-e-registrazione","status":"publish","type":"page","link":"https:\/\/goldzinocasino.com\/it\/accesso-e-registrazione\/","title":{"rendered":"Accesso e registrazione"},"content":{"rendered":"<h1>Accesso a Goldzino: istruzioni semplici per l&#8217;accesso e la creazione dell&#8217;account<\/h1>\n<p>Per iniziare a giocare con soldi veri in Italia, devi seguire la semplice procedura di Goldzino login o registrazione. Accettiamo utenti che abbiano compiuto almeno 18 anni. Per creare un account sulla nostra piattaforma, devi solo fornire il tuo indirizzo e-mail e una password. Dopodich\u00e9, avrai accesso a tutti i titoli e alle funzionalit\u00e0 di Goldzino Casino Italia.<\/p>\n<p><div class=\"banner-wrap\" aria-label=\"Banner\"><img src=\"https:\/\/goldzinocasino.com\/wp-content\/uploads\/2025\/12\/Banner-Desktop.webp\" class=\"w-100 d-none d-lg-block img-pc main-banner-img\" alt=\"Banner Desktop\" fetchpriority=\"high\" decoding=\"async\"><img src=\"https:\/\/goldzinocasino.com\/wp-content\/uploads\/2025\/12\/Group-376214.webp\" class=\"w-100 d-none d-md-block d-lg-none main-banner-img\" alt=\"goldzino bonus\" fetchpriority=\"high\" decoding=\"async\"><img src=\"https:\/\/goldzinocasino.com\/wp-content\/uploads\/2025\/12\/Group-376214.webp\" class=\"w-100 d-md-none\" alt=\"goldzino bonus\" fetchpriority=\"high\" decoding=\"async\"><div class=\"banner-description\">\n<div class=\"banner-title\">Bonus di benvenuto<\/div>\n<p class=\"banner-header-title\">1500 \u20ac<\/p>\n<div class=\"banner-header-AdditionalText\">+ 250 Giri gratuiti<\/div>\n<button data-item=\"homepage_banner_link\" class=\"goto m-button m-gradient-border m-button--primary m-button--large banner-button btn-orange\">\n            <div class=\"m-button-content\">\n                <span>Iscriviti ora<\/span>\n                <span><\/span>\n            <\/div>\n        <\/button>\n<\/div>\n<div class=\"WelcomePack\">\n<p><img loading=\"lazy\" decoding=\"async\" class=\"alignnone size-full wp-image-1391\" src=\"https:\/\/goldzinocasino.com\/wp-content\/uploads\/2025\/12\/welcome-crown.svg\" alt=\"welcome crown\" width=\"25\" height=\"26\" \/><\/p>\n<div class=\"WelcomePack-Info\">Cashback settimanale fino al 25%<\/div>\n<p><img loading=\"lazy\" decoding=\"async\" class=\"alignnone size-full wp-image-1391\" src=\"https:\/\/goldzinocasino.com\/wp-content\/uploads\/2025\/12\/welcome-crown.svg\" alt=\"welcome crown\" width=\"25\" height=\"26\" \/><\/p>\n<\/div>\n<\/div><div class=\"scrollable-content-wrap my-5\"><div class=\"scrollable-content-inner\"><h2>Goldzino Casino registrazione giocatore<\/h2>\n<p>La registrazione su Goldzino Casino \u00e8 semplice. La maggior parte degli utenti impiega solo pochi minuti per completarla. Tuttavia, si tratta di un passaggio essenziale per accedere a oltre 6.000 titoli in diverse categorie e a tutte le altre funzioni del casin\u00f2 online.<\/p>\n<p>Puoi modificare i tuoi dati personali o di pagamento nel tuo account. Poich\u00e9 sosteniamo il gioco responsabile, nel tuo account troverai anche strumenti per impostare limiti finanziari e temporali. Oltre a ci\u00f2, \u00e8 disponibile una panoramica completa del tuo processo di gioco, dei depositi, dei bonus e molto altro ancora.<\/p>\n<p>Dopo la registrazione, puoi partecipare al programma di referral. Nelle impostazioni troverai il link da condividere con i tuoi amici, colleghi o parenti. Se si registrano tramite il tuo link, riceverai un premio. Puoi trovare informazioni dettagliate nella sezione &#8220;Invita amici&#8221; del tuo profilo.<\/p>\n<h3>Crea il tuo account<\/h3>\n<p>Il primo passo sulla piattaforma Gold Zino \u00e8 creare un profilo. Abbiamo progettato il processo in modo che sia rapido e intuitivo, cos\u00ec che i nuovi utenti possano orientarsi facilmente. Segui le istruzioni riportate di seguito per creare il tuo account Goldzino Casino in pochi minuti:<\/p>\n<ol>\n<li>Devi cliccare sul pulsante dorato &#8220;Iscriviti&#8221; nella homepage del nostro sito web.<\/li>\n<li>Tutti gli utenti devono inserire il proprio indirizzo e-mail e creare una password complessa per registrare un nuovo account.<\/li>\n<li>\u00c8 necessario leggere i termini e le condizioni del nostro sito web e dichiarare di avere almeno 18 anni.<\/li>\n<li>Ti consigliamo di ricontrollare tutte le informazioni inserite. Successivamente, clicca sul pulsante &#8220;Registrati&#8221; alla fine del modulo di registrazione.<\/li>\n<\/ol>\n<p>Per poter accedere a tutte le funzionalit\u00e0 di Goldzino, \u00e8 necessario confermare il proprio indirizzo e-mail. \u00c8 necessario seguire il link contenuto nell&#8217;e-mail che riceverai da Gold Zino. Successivamente, dovrai anche inserire le tue informazioni personali nel tuo account.<\/p>\n<h2>Istruzioni per l&#8217;accesso all&#8217;account Goldzino<\/h2>\n<p>Se hai gi\u00e0 un account sulla nostra piattaforma, devi solo seguire la procedura di accesso a Goldzino. Gli utenti possono farlo nella versione desktop o nel software mobile. Abbiamo creato una breve guida sui passaggi principali dell&#8217;accesso a Goldzino per non farti perdere:<\/p>\n<ol>\n<li>Devi cliccare sul pulsante &#8220;Accedi&#8221; nell&#8217;angolo in alto a destra del nostro sito web.<\/li>\n<li>Tutti gli utenti devono inserire l&#8217;indirizzo e-mail e la password utilizzati per registrarsi al proprio profilo Gold Zino Casino.<\/li>\n<li>Per confermare i dati inseriti, \u00e8 necessario cliccare sul pulsante &#8220;Accedi&#8221;.<\/li>\n<\/ol>\n<p>Il login su Goldzino apre le porte a tutte le funzionalit\u00e0 del nostro casin\u00f2 online, tra cui oltre 6.000 titoli, la sezione scommesse, i pagamenti, i tornei e molto altro ancora.<\/p>\n<h3>Hai dimenticato la password?<\/h3>\n<p>Ti consigliamo di salvare la password dopo aver completato la procedura di registrazione. Ma se l&#8217;hai dimenticata, non preoccuparti, abbiamo una soluzione per te. Durante la procedura di accesso a Goldzino, puoi cliccare sul link &#8220;Hai dimenticato la password?&#8221;. Dovrai inserire il tuo indirizzo e-mail in modo che possiamo inviarti il link per reimpostare la password. Dopodich\u00e9, con pochi clic potrai crearne una nuova.<\/p>\n<h2>Processo di autenticazione dell&#8217;account Goldzino Casino<\/h2>\n<p>Per effettuare il tuo primo prelievo delle vincite, devi verificare il tuo account. A tal fine, ti chiederemo di caricare diversi documenti in un modulo speciale. I nostri responsabili li controlleranno attentamente e ti forniranno una risposta entro 48 ore.<\/p>\n<p>L&#8217;autenticazione dell&#8217;account \u00e8 uno dei passaggi pi\u00f9 importanti per evitare frodi e garantire un gioco sicuro ed equo. Dopo aver completato una volta il processo di verifica, avrai pieno accesso ai pagamenti di prelievo senza alcun ritardo. Nella tabella sottostante troverai tutti i principali documenti di cui possiamo richiedere informazioni.<\/p>\n<table>\n<tbody>\n<tr>\n<td>Tipo di documento<\/td>\n<td>Dettagli<\/td>\n<\/tr>\n<tr>\n<td>Documento di identit\u00e0 valido rilasciato dal governo<\/td>\n<td>Passaporto, carta d&#8217;identit\u00e0 o patente di guida. Sono necessari per confermare la tua identit\u00e0 e la tua et\u00e0.<\/td>\n<\/tr>\n<tr>\n<td>Prova di residenza<\/td>\n<td>Una bolletta recente (non pi\u00f9 vecchia di 6 mesi) o un estratto conto bancario.<\/td>\n<\/tr>\n<tr>\n<td>Prova del metodo di pagamento<\/td>\n<td>Screenshot o dichiarazione che confermi la titolarit\u00e0 dell&#8217;account.<\/td>\n<\/tr>\n<\/tbody>\n<\/table>\n<h2>Domande frequenti<\/h2>\n<h3>Quanto tempo richiede il processo di verifica?<\/h3>\n<p>Ufficialmente, il processo di verifica richiede fino a 48 ore. Tuttavia, nella maggior parte dei casi, i nostri responsabili ti daranno una risposta entro 12 ore. Dopo aver verificato il tuo profilo, potrai effettuare prelievi immediatamente.<\/p>\n<h3>Posso cambiare la mia password o il mio indirizzo e-mail?<\/h3>\n<p>Puoi modificare i tuoi dati di pagamento e le tue informazioni personali nelle impostazioni del profilo Gold Zino. Questo vale anche per l&#8217;indirizzo e-mail e la password. Il nostro team di assistenza clienti \u00e8 sempre a tua disposizione per aiutarti in questo processo in caso di problemi.<\/p>\n<h3>Cosa devo fare se non riesco ad accedere al mio account?<\/h3>\n<p>Per prima cosa, dovresti controllare i dati inseriti. Se tutto \u00e8 corretto, ti consigliamo di contattare il nostro servizio di assistenza multilingue disponibile 24 ore su 24, 7 giorni su 7, tramite live chat o e-mail. I nostri responsabili controlleranno il tuo account e ti forniranno una soluzione.<\/p>\n<\/div><\/div><\/p>\n","protected":false},"excerpt":{"rendered":"<p>Accesso a Goldzino: istruzioni semplici per l&#8217;accesso e la creazione dell&#8217;account Per iniziare a giocare con soldi veri in Italia, devi seguire la semplice procedura di Goldzino login o registrazione. Accettiamo utenti che abbiano compiuto almeno 18 anni. Per creare un account sulla nostra piattaforma, devi solo fornire il tuo indirizzo e-mail e una password. [&hellip;]<\/p>\n","protected":false},"author":1,"featured_media":0,"parent":0,"menu_order":0,"comment_status":"closed","ping_status":"closed","template":"template-builder.php","meta":{"_acf_changed":false,"inline_featured_image":false,"footnotes":""},"class_list":["post-1785","page","type-page","status-publish","hentry"],"acf":[],"yoast_head":"<!-- This site is optimized with the Yoast SEO plugin v27.3 - https:\/\/yoast.com\/product\/yoast-seo-wordpress\/ -->\n<title>Goldzino Accesso \u2013 Registrati e gestisci il tuo account\ufeff<\/title>\n<meta name=\"description\" content=\"Registrate, gestisci e verifica facilmente il tuo account del Goldzino-Casino. Crea, ripristina o chiudi rapidamente il tuo account in modo sicuro tramite il login di Goldzino.\" \/>\n<meta name=\"robots\" content=\"index, follow, max-snippet:-1, max-image-preview:large, max-video-preview:-1\" \/>\n<link rel=\"canonical\" href=\"https:\/\/goldzinocasino.com\/it\/accesso-e-registrazione\/\" \/>\n<meta property=\"og:locale\" content=\"it_IT\" \/>\n<meta property=\"og:type\" content=\"article\" \/>\n<meta property=\"og:title\" content=\"Goldzino Accesso \u2013 Registrati e gestisci il tuo account\ufeff\" \/>\n<meta property=\"og:description\" content=\"Registrate, gestisci e verifica facilmente il tuo account del Goldzino-Casino. Crea, ripristina o chiudi rapidamente il tuo account in modo sicuro tramite il login di Goldzino.\" \/>\n<meta property=\"og:url\" content=\"https:\/\/goldzinocasino.com\/it\/accesso-e-registrazione\/\" \/>\n<meta property=\"og:site_name\" content=\"goldzino\" \/>\n<meta property=\"article:modified_time\" content=\"2025-12-23T10:09:17+00:00\" \/>\n<meta name=\"twitter:card\" content=\"summary_large_image\" \/>\n<meta name=\"twitter:label1\" content=\"Est. reading time\" \/>\n\t<meta name=\"twitter:data1\" content=\"1 minuto\" \/>\n<script type=\"application\/ld+json\" class=\"yoast-schema-graph\">{\"@context\":\"https:\\\/\\\/schema.org\",\"@graph\":[{\"@type\":\"WebPage\",\"@id\":\"https:\\\/\\\/goldzinocasino.com\\\/it\\\/accesso-e-registrazione\\\/\",\"url\":\"https:\\\/\\\/goldzinocasino.com\\\/it\\\/accesso-e-registrazione\\\/\",\"name\":\"Goldzino Accesso \u2013 Registrati e gestisci il tuo account\ufeff\",\"isPartOf\":{\"@id\":\"https:\\\/\\\/goldzinocasino.com\\\/it\\\/#website\"},\"datePublished\":\"2025-12-22T13:49:37+00:00\",\"dateModified\":\"2025-12-23T10:09:17+00:00\",\"description\":\"Registrate, gestisci e verifica facilmente il tuo account del Goldzino-Casino. Crea, ripristina o chiudi rapidamente il tuo account in modo sicuro tramite il login di Goldzino.\",\"breadcrumb\":{\"@id\":\"https:\\\/\\\/goldzinocasino.com\\\/it\\\/accesso-e-registrazione\\\/#breadcrumb\"},\"inLanguage\":\"it-IT\",\"potentialAction\":[{\"@type\":\"ReadAction\",\"target\":[\"https:\\\/\\\/goldzinocasino.com\\\/it\\\/accesso-e-registrazione\\\/\"]}]},{\"@type\":\"BreadcrumbList\",\"@id\":\"https:\\\/\\\/goldzinocasino.com\\\/it\\\/accesso-e-registrazione\\\/#breadcrumb\",\"itemListElement\":[{\"@type\":\"ListItem\",\"position\":1,\"name\":\"GoldZino\",\"item\":\"https:\\\/\\\/goldzinocasino.com\\\/it\\\/\"},{\"@type\":\"ListItem\",\"position\":2,\"name\":\"Accesso e registrazione\"}]},{\"@type\":\"WebSite\",\"@id\":\"https:\\\/\\\/goldzinocasino.com\\\/it\\\/#website\",\"url\":\"https:\\\/\\\/goldzinocasino.com\\\/it\\\/\",\"name\":\"GoldZino\",\"description\":\"\",\"publisher\":{\"@id\":\"https:\\\/\\\/goldzinocasino.com\\\/it\\\/#organization\"},\"potentialAction\":[{\"@type\":\"SearchAction\",\"target\":{\"@type\":\"EntryPoint\",\"urlTemplate\":\"https:\\\/\\\/goldzinocasino.com\\\/it\\\/?s={search_term_string}\"},\"query-input\":{\"@type\":\"PropertyValueSpecification\",\"valueRequired\":true,\"valueName\":\"search_term_string\"}}],\"inLanguage\":\"it-IT\"},{\"@type\":\"Organization\",\"@id\":\"https:\\\/\\\/goldzinocasino.com\\\/it\\\/#organization\",\"name\":\"GoldZino\",\"url\":\"https:\\\/\\\/goldzinocasino.com\\\/it\\\/\",\"logo\":{\"@type\":\"ImageObject\",\"inLanguage\":\"it-IT\",\"@id\":\"https:\\\/\\\/goldzinocasino.com\\\/it\\\/#\\\/schema\\\/logo\\\/image\\\/\",\"url\":\"https:\\\/\\\/goldzinocasino.com\\\/wp-content\\\/uploads\\\/2025\\\/12\\\/Casino-logo-Desktop-1.png\",\"contentUrl\":\"https:\\\/\\\/goldzinocasino.com\\\/wp-content\\\/uploads\\\/2025\\\/12\\\/Casino-logo-Desktop-1.png\",\"width\":209,\"height\":46,\"caption\":\"GoldZino\"},\"image\":{\"@id\":\"https:\\\/\\\/goldzinocasino.com\\\/it\\\/#\\\/schema\\\/logo\\\/image\\\/\"}}]}<\/script>\n<!-- \/ Yoast SEO plugin. -->","yoast_head_json":{"title":"Goldzino Accesso \u2013 Registrati e gestisci il tuo account\ufeff","description":"Registrate, gestisci e verifica facilmente il tuo account del Goldzino-Casino. Crea, ripristina o chiudi rapidamente il tuo account in modo sicuro tramite il login di Goldzino.","robots":{"index":"index","follow":"follow","max-snippet":"max-snippet:-1","max-image-preview":"max-image-preview:large","max-video-preview":"max-video-preview:-1"},"canonical":"https:\/\/goldzinocasino.com\/it\/accesso-e-registrazione\/","og_locale":"it_IT","og_type":"article","og_title":"Goldzino Accesso \u2013 Registrati e gestisci il tuo account\ufeff","og_description":"Registrate, gestisci e verifica facilmente il tuo account del Goldzino-Casino. Crea, ripristina o chiudi rapidamente il tuo account in modo sicuro tramite il login di Goldzino.","og_url":"https:\/\/goldzinocasino.com\/it\/accesso-e-registrazione\/","og_site_name":"goldzino","article_modified_time":"2025-12-23T10:09:17+00:00","twitter_card":"summary_large_image","twitter_misc":{"Est. reading time":"1 minuto"},"schema":{"@context":"https:\/\/schema.org","@graph":[{"@type":"WebPage","@id":"https:\/\/goldzinocasino.com\/it\/accesso-e-registrazione\/","url":"https:\/\/goldzinocasino.com\/it\/accesso-e-registrazione\/","name":"Goldzino Accesso \u2013 Registrati e gestisci il tuo account\ufeff","isPartOf":{"@id":"https:\/\/goldzinocasino.com\/it\/#website"},"datePublished":"2025-12-22T13:49:37+00:00","dateModified":"2025-12-23T10:09:17+00:00","description":"Registrate, gestisci e verifica facilmente il tuo account del Goldzino-Casino. Crea, ripristina o chiudi rapidamente il tuo account in modo sicuro tramite il login di Goldzino.","breadcrumb":{"@id":"https:\/\/goldzinocasino.com\/it\/accesso-e-registrazione\/#breadcrumb"},"inLanguage":"it-IT","potentialAction":[{"@type":"ReadAction","target":["https:\/\/goldzinocasino.com\/it\/accesso-e-registrazione\/"]}]},{"@type":"BreadcrumbList","@id":"https:\/\/goldzinocasino.com\/it\/accesso-e-registrazione\/#breadcrumb","itemListElement":[{"@type":"ListItem","position":1,"name":"GoldZino","item":"https:\/\/goldzinocasino.com\/it\/"},{"@type":"ListItem","position":2,"name":"Accesso e registrazione"}]},{"@type":"WebSite","@id":"https:\/\/goldzinocasino.com\/it\/#website","url":"https:\/\/goldzinocasino.com\/it\/","name":"GoldZino","description":"","publisher":{"@id":"https:\/\/goldzinocasino.com\/it\/#organization"},"potentialAction":[{"@type":"SearchAction","target":{"@type":"EntryPoint","urlTemplate":"https:\/\/goldzinocasino.com\/it\/?s={search_term_string}"},"query-input":{"@type":"PropertyValueSpecification","valueRequired":true,"valueName":"search_term_string"}}],"inLanguage":"it-IT"},{"@type":"Organization","@id":"https:\/\/goldzinocasino.com\/it\/#organization","name":"GoldZino","url":"https:\/\/goldzinocasino.com\/it\/","logo":{"@type":"ImageObject","inLanguage":"it-IT","@id":"https:\/\/goldzinocasino.com\/it\/#\/schema\/logo\/image\/","url":"https:\/\/goldzinocasino.com\/wp-content\/uploads\/2025\/12\/Casino-logo-Desktop-1.png","contentUrl":"https:\/\/goldzinocasino.com\/wp-content\/uploads\/2025\/12\/Casino-logo-Desktop-1.png","width":209,"height":46,"caption":"GoldZino"},"image":{"@id":"https:\/\/goldzinocasino.com\/it\/#\/schema\/logo\/image\/"}}]}},"_links":{"self":[{"href":"https:\/\/goldzinocasino.com\/it\/wp-json\/wp\/v2\/pages\/1785","targetHints":{"allow":["GET"]}}],"collection":[{"href":"https:\/\/goldzinocasino.com\/it\/wp-json\/wp\/v2\/pages"}],"about":[{"href":"https:\/\/goldzinocasino.com\/it\/wp-json\/wp\/v2\/types\/page"}],"author":[{"embeddable":true,"href":"https:\/\/goldzinocasino.com\/it\/wp-json\/wp\/v2\/users\/1"}],"replies":[{"embeddable":true,"href":"https:\/\/goldzinocasino.com\/it\/wp-json\/wp\/v2\/comments?post=1785"}],"version-history":[{"count":2,"href":"https:\/\/goldzinocasino.com\/it\/wp-json\/wp\/v2\/pages\/1785\/revisions"}],"predecessor-version":[{"id":1976,"href":"https:\/\/goldzinocasino.com\/it\/wp-json\/wp\/v2\/pages\/1785\/revisions\/1976"}],"wp:attachment":[{"href":"https:\/\/goldzinocasino.com\/it\/wp-json\/wp\/v2\/media?parent=1785"}],"curies":[{"name":"wp","href":"https:\/\/api.w.org\/{rel}","templated":true}]}}