{"id":1782,"date":"2025-12-22T13:49:37","date_gmt":"2025-12-22T13:49:37","guid":{"rendered":"https:\/\/goldzinocasino.com\/login-and-registration\/"},"modified":"2025-12-23T07:56:13","modified_gmt":"2025-12-23T07:56:13","slug":"connexion-et-inscription","status":"publish","type":"page","link":"https:\/\/goldzinocasino.com\/fr\/connexion-et-inscription\/","title":{"rendered":"Connexion et inscription"},"content":{"rendered":"<h1>Connexion \u00e0 Goldzino \u2013 connexion facile et instructions relatives au compte<\/h1>\n<p>Pour commencer \u00e0 jouer avec de l&rsquo;argent r\u00e9el, vous devez suivre la proc\u00e9dure simple de connexion ou le Goldzino login. Nous acceptons les utilisateurs \u00e2g\u00e9s de 18 ans ou plus. Pour cr\u00e9er un compte sur notre plateforme, il vous suffit de fournir votre adresse e-mail et votre mot de passe. Vous aurez ensuite acc\u00e8s \u00e0 tous les titres et fonctionnalit\u00e9s du Goldzino Casino.<\/p>\n<p><div class=\"banner-wrap\" aria-label=\"Banner\"><img src=\"https:\/\/goldzinocasino.com\/wp-content\/uploads\/2025\/12\/Banner-Desktop.webp\" class=\"w-100 d-none d-lg-block img-pc main-banner-img\" alt=\"Banner Desktop\" fetchpriority=\"high\" decoding=\"async\"><img src=\"https:\/\/goldzinocasino.com\/wp-content\/uploads\/2025\/12\/Group-376214.webp\" class=\"w-100 d-none d-md-block d-lg-none main-banner-img\" alt=\"goldzino bonus\" fetchpriority=\"high\" decoding=\"async\"><img src=\"https:\/\/goldzinocasino.com\/wp-content\/uploads\/2025\/12\/Group-376214.webp\" class=\"w-100 d-md-none\" alt=\"goldzino bonus\" fetchpriority=\"high\" decoding=\"async\"><div class=\"banner-description\">\n<div class=\"banner-title\">Bonus de bienvenue<\/div>\n<p class=\"banner-header-title\">1500 \u20ac<\/p>\n<div class=\"banner-header-AdditionalText\">+ 250 Tours gratuits<\/div>\n<button data-item=\"homepage_banner_link\" class=\"goto m-button m-gradient-border m-button--primary m-button--large banner-button btn-orange\">\n            <div class=\"m-button-content\">\n                <span>Inscrivez-vous d\u00e8s maintenant<\/span>\n                <span><\/span>\n            <\/div>\n        <\/button>\n<\/div>\n<div class=\"WelcomePack\">\n<p><img loading=\"lazy\" decoding=\"async\" class=\"alignnone size-full wp-image-1391\" src=\"https:\/\/goldzinocasino.com\/wp-content\/uploads\/2025\/12\/welcome-crown.svg\" alt=\"welcome crown\" width=\"25\" height=\"26\" \/><\/p>\n<div class=\"WelcomePack-Info\">Cashback hebdomadaire jusqu&rsquo;\u00e0 25 %<\/div>\n<p><img loading=\"lazy\" decoding=\"async\" class=\"alignnone size-full wp-image-1391\" src=\"https:\/\/goldzinocasino.com\/wp-content\/uploads\/2025\/12\/welcome-crown.svg\" alt=\"welcome crown\" width=\"25\" height=\"26\" \/><\/p>\n<\/div>\n<\/div><div class=\"scrollable-content-wrap my-5\"><div class=\"scrollable-content-inner\"><h2>Inscription des joueurs sur Goldzino Casino<\/h2>\n<p>L&rsquo;inscription sur Goldzino Casino est simple. La plupart des utilisateurs n&rsquo;ont besoin que de quelques minutes pour la compl\u00e9ter. Mais c&rsquo;est une \u00e9tape essentielle pour acc\u00e9der \u00e0 plus de 6 000 titres dans diff\u00e9rentes cat\u00e9gories et \u00e0 toutes les autres fonctions du casino en ligne.<\/p>\n<p>Vous pouvez modifier vos informations personnelles ou bancaires dans votre compte. Dans le cadre de notre politique de jeu responsable, vous trouverez \u00e9galement dans votre compte des outils vous permettant de d\u00e9finir des limites financi\u00e8res et temporelles. En outre, vous disposez d&rsquo;un aper\u00e7u complet de votre activit\u00e9 de jeu, de vos d\u00e9p\u00f4ts, de vos bonus et bien plus encore.<\/p>\n<p>Apr\u00e8s votre inscription, vous pouvez participer au programme de parrainage. Dans les param\u00e8tres, vous trouverez le lien \u00e0 partager avec vos amis, coll\u00e8gues ou proches. S&rsquo;ils s&rsquo;inscrivent via votre lien, vous recevrez une r\u00e9compense. Vous trouverez des informations d\u00e9taill\u00e9es dans la section \u00ab Inviter des amis \u00bb de votre profil.<\/p>\n<h3>Cr\u00e9ez votre compte<\/h3>\n<p>La premi\u00e8re \u00e9tape sur la plateforme Gold Zino consiste \u00e0 cr\u00e9er un profil. Nous avons con\u00e7u ce processus pour qu&rsquo;il soit rapide et simple, afin que les nouveaux utilisateurs puissent s&rsquo;y retrouver facilement. Vous devez suivre les instructions ci-dessous pour cr\u00e9er votre compte Goldzino Casino en quelques minutes seulement :<\/p>\n<ol>\n<li>Vous devez cliquer sur le bouton dor\u00e9 \u00ab S&rsquo;inscrire \u00bb sur la page d&rsquo;accueil de notre site Web.<\/li>\n<li>Tous les utilisateurs doivent saisir leur adresse e-mail et cr\u00e9er un mot de passe fort pour cr\u00e9er un nouveau compte.<\/li>\n<li>Vous devez lire les conditions g\u00e9n\u00e9rales de notre site Web et confirmer que vous avez 18 ans ou plus.<\/li>\n<li>Nous vous recommandons de v\u00e9rifier toutes les informations saisies. Ensuite, cliquez sur le bouton \u00ab S&rsquo;inscrire \u00bb \u00e0 la fin du formulaire d&rsquo;inscription.<\/li>\n<\/ol>\n<p>Pour acc\u00e9der \u00e0 toutes les fonctionnalit\u00e9s de Goldzino, vous devez confirmer votre adresse e-mail. Pour ce faire, cliquez sur le lien contenu dans l&rsquo;e-mail que vous recevrez de Gold Zino. Vous devrez ensuite remplir vos informations personnelles dans votre compte.<\/p>\n<h2>Instructions pour se connecter \u00e0 son compte Goldzino<\/h2>\n<p>Si vous avez d\u00e9j\u00e0 un compte sur notre plateforme, il vous suffit de suivre la proc\u00e9dure de connexion \u00e0 Goldzino. Les utilisateurs peuvent le faire dans la version bureau ou dans le logiciel mobile. Nous avons cr\u00e9\u00e9 un petit guide sur les principales \u00e9tapes de la connexion \u00e0 Goldzino afin que vous ne vous perdiez pas :<\/p>\n<ol>\n<li>Vous devez cliquer sur le bouton \u00ab Se connecter \u00bb situ\u00e9 dans le coin sup\u00e9rieur droit de notre site Web.<\/li>\n<li>Tous les utilisateurs doivent saisir l&rsquo;adresse e-mail et le mot de passe qu&rsquo;ils ont utilis\u00e9s pour cr\u00e9er leur profil Gold Zino Casino.<\/li>\n<li>Pour confirmer les informations saisies, il est n\u00e9cessaire de cliquer sur le bouton \u00ab Connexion \u00bb.<\/li>\n<\/ol>\n<p>La connexion \u00e0 Goldzino vous donne acc\u00e8s \u00e0 toutes les fonctionnalit\u00e9s de notre casino en ligne, notamment plus de 6 000 titres, la section paris, les paiements, les tournois et bien plus encore.<\/p>\n<h3>Mot de passe oubli\u00e9 ?<\/h3>\n<p>Nous vous recommandons de conserver votre passeport apr\u00e8s le processus d&rsquo;inscription. Mais si vous l&rsquo;avez oubli\u00e9, ce n&rsquo;est pas grave, nous avons une solution pour vous. Lors du processus de connexion \u00e0 Goldzino, vous pouvez cliquer sur le lien \u00ab Mot de passe oubli\u00e9 ? \u00bb. Vous devez entrer votre adresse e-mail afin que nous puissions vous envoyer le lien de r\u00e9initialisation du mot de passe. Ensuite, en quelques clics, vous pouvez en cr\u00e9er un nouveau.<\/p>\n<h2>Processus d&rsquo;authentification du compte Goldzino Casino<\/h2>\n<p>Pour effectuer votre premier retrait de gains, vous devez v\u00e9rifier votre compte. Pour cela, nous vous demanderons de t\u00e9l\u00e9charger plusieurs documents dans un formulaire sp\u00e9cial. Nos responsables les v\u00e9rifieront attentivement et vous donneront une r\u00e9ponse dans les 48 heures.<\/p>\n<p>L&rsquo;authentification du compte est l&rsquo;une des \u00e9tapes les plus importantes pour \u00e9viter la fraude et garantir un jeu s\u00fbr et \u00e9quitable. Apr\u00e8s avoir effectu\u00e9 une seule fois le processus de v\u00e9rification, vous aurez pleinement acc\u00e8s aux paiements de retrait sans aucun d\u00e9lai. Dans le tableau ci-dessous, vous trouverez tous les principaux documents pour lesquels nous pouvons vous demander des informations.<\/p>\n<table>\n<tbody>\n<tr>\n<td>Type de document<\/td>\n<td>D\u00e9tails<\/td>\n<\/tr>\n<tr>\n<td>Pi\u00e8ce d&rsquo;identit\u00e9 officielle en cours de validit\u00e9<\/td>\n<td>Passeport, carte d&rsquo;identit\u00e9 ou permis de conduire. Ce document est n\u00e9cessaire pour confirmer votre identit\u00e9 et votre \u00e2ge.<\/td>\n<\/tr>\n<tr>\n<td>Justificatif de domicile<\/td>\n<td>Une facture r\u00e9cente (datant de moins de 6 mois) ou un relev\u00e9 bancaire.<\/td>\n<\/tr>\n<tr>\n<td>Preuve du mode de paiement<\/td>\n<td>Capture d&rsquo;\u00e9cran ou d\u00e9claration confirmant la propri\u00e9t\u00e9 du compte.<\/td>\n<\/tr>\n<\/tbody>\n<\/table>\n<h2>FAQ<\/h2>\n<h3>Combien de temps dure le processus de v\u00e9rification ?<\/h3>\n<p>Officiellement, le processus de v\u00e9rification prend jusqu&rsquo;\u00e0 48 heures. Mais dans la plupart des cas, nos responsables vous donnent une r\u00e9ponse dans les 12 heures. Une fois votre profil v\u00e9rifi\u00e9, vous pouvez imm\u00e9diatement effectuer des retraits.<\/p>\n<h3>Puis-je modifier mon mot de passe ou mon adresse e-mail ?<\/h3>\n<p>Vous pouvez modifier vos informations personnelles et de paiement dans les param\u00e8tres de profil Gold Zino. Cela fonctionne \u00e9galement pour l&rsquo;adresse e-mail et le mot de passe. Notre \u00e9quipe d&rsquo;assistance client\u00e8le se fera un plaisir de vous aider dans cette d\u00e9marche si vous rencontrez des difficult\u00e9s.<\/p>\n<h3>Que dois-je faire si je ne parviens pas \u00e0 me connecter \u00e0 mon compte ?<\/h3>\n<p>Tout d&rsquo;abord, vous devez v\u00e9rifier les informations saisies. Si tout est correct, nous vous recommandons de contacter notre service d&rsquo;assistance multilingue disponible 24h\/24 et 7j\/7 via le chat en direct ou par e-mail. Nos responsables v\u00e9rifieront votre compte et vous proposeront une solution.<\/p>\n<\/div><\/div><\/p>\n","protected":false},"excerpt":{"rendered":"<p>Connexion \u00e0 Goldzino \u2013 connexion facile et instructions relatives au compte Pour commencer \u00e0 jouer avec de l&rsquo;argent r\u00e9el, vous devez suivre la proc\u00e9dure simple de connexion ou le Goldzino login. Nous acceptons les utilisateurs \u00e2g\u00e9s de 18 ans ou plus. Pour cr\u00e9er un compte sur notre plateforme, il vous suffit de fournir votre adresse [&hellip;]<\/p>\n","protected":false},"author":1,"featured_media":0,"parent":0,"menu_order":0,"comment_status":"closed","ping_status":"closed","template":"template-builder.php","meta":{"_acf_changed":false,"inline_featured_image":false,"footnotes":""},"class_list":["post-1782","page","type-page","status-publish","hentry"],"acf":[],"yoast_head":"<!-- This site is optimized with the Yoast SEO plugin v27.3 - https:\/\/yoast.com\/product\/yoast-seo-wordpress\/ -->\n<title>Goldzino Connexion \u2013 Inscription et gestion du compte\ufeff<\/title>\n<meta name=\"description\" content=\"Inscrivez-vous, g\u00e9rez et v\u00e9rifiez facilement votre compte Goldzino Casino. Cr\u00e9ez, r\u00e9tablissez ou fermez votre compte en toute s\u00e9curit\u00e9 via la connexion Goldzino.\" \/>\n<meta name=\"robots\" content=\"index, follow, max-snippet:-1, max-image-preview:large, max-video-preview:-1\" \/>\n<link rel=\"canonical\" href=\"https:\/\/goldzinocasino.com\/fr\/connexion-et-inscription\/\" \/>\n<meta property=\"og:locale\" content=\"fr_FR\" \/>\n<meta property=\"og:type\" content=\"article\" \/>\n<meta property=\"og:title\" content=\"Goldzino Connexion \u2013 Inscription et gestion du compte\ufeff\" \/>\n<meta property=\"og:description\" content=\"Inscrivez-vous, g\u00e9rez et v\u00e9rifiez facilement votre compte Goldzino Casino. Cr\u00e9ez, r\u00e9tablissez ou fermez votre compte en toute s\u00e9curit\u00e9 via la connexion Goldzino.\" \/>\n<meta property=\"og:url\" content=\"https:\/\/goldzinocasino.com\/fr\/connexion-et-inscription\/\" \/>\n<meta property=\"og:site_name\" content=\"goldzino\" \/>\n<meta property=\"article:modified_time\" content=\"2025-12-23T07:56:13+00:00\" \/>\n<meta name=\"twitter:card\" content=\"summary_large_image\" \/>\n<meta name=\"twitter:label1\" content=\"Dur\u00e9e de lecture estim\u00e9e\" \/>\n\t<meta name=\"twitter:data1\" content=\"1 minute\" \/>\n<script type=\"application\/ld+json\" class=\"yoast-schema-graph\">{\"@context\":\"https:\\\/\\\/schema.org\",\"@graph\":[{\"@type\":\"WebPage\",\"@id\":\"https:\\\/\\\/goldzinocasino.com\\\/fr\\\/connexion-et-inscription\\\/\",\"url\":\"https:\\\/\\\/goldzinocasino.com\\\/fr\\\/connexion-et-inscription\\\/\",\"name\":\"Goldzino Connexion \u2013 Inscription et gestion du compte\ufeff\",\"isPartOf\":{\"@id\":\"https:\\\/\\\/goldzinocasino.com\\\/fr\\\/#website\"},\"datePublished\":\"2025-12-22T13:49:37+00:00\",\"dateModified\":\"2025-12-23T07:56:13+00:00\",\"description\":\"Inscrivez-vous, g\u00e9rez et v\u00e9rifiez facilement votre compte Goldzino Casino. Cr\u00e9ez, r\u00e9tablissez ou fermez votre compte en toute s\u00e9curit\u00e9 via la connexion Goldzino.\",\"breadcrumb\":{\"@id\":\"https:\\\/\\\/goldzinocasino.com\\\/fr\\\/connexion-et-inscription\\\/#breadcrumb\"},\"inLanguage\":\"fr-FR\",\"potentialAction\":[{\"@type\":\"ReadAction\",\"target\":[\"https:\\\/\\\/goldzinocasino.com\\\/fr\\\/connexion-et-inscription\\\/\"]}]},{\"@type\":\"BreadcrumbList\",\"@id\":\"https:\\\/\\\/goldzinocasino.com\\\/fr\\\/connexion-et-inscription\\\/#breadcrumb\",\"itemListElement\":[{\"@type\":\"ListItem\",\"position\":1,\"name\":\"GoldZino\",\"item\":\"https:\\\/\\\/goldzinocasino.com\\\/fr\\\/\"},{\"@type\":\"ListItem\",\"position\":2,\"name\":\"Connexion et inscription\"}]},{\"@type\":\"WebSite\",\"@id\":\"https:\\\/\\\/goldzinocasino.com\\\/fr\\\/#website\",\"url\":\"https:\\\/\\\/goldzinocasino.com\\\/fr\\\/\",\"name\":\"GoldZino\",\"description\":\"\",\"publisher\":{\"@id\":\"https:\\\/\\\/goldzinocasino.com\\\/fr\\\/#organization\"},\"potentialAction\":[{\"@type\":\"SearchAction\",\"target\":{\"@type\":\"EntryPoint\",\"urlTemplate\":\"https:\\\/\\\/goldzinocasino.com\\\/fr\\\/?s={search_term_string}\"},\"query-input\":{\"@type\":\"PropertyValueSpecification\",\"valueRequired\":true,\"valueName\":\"search_term_string\"}}],\"inLanguage\":\"fr-FR\"},{\"@type\":\"Organization\",\"@id\":\"https:\\\/\\\/goldzinocasino.com\\\/fr\\\/#organization\",\"name\":\"GoldZino\",\"url\":\"https:\\\/\\\/goldzinocasino.com\\\/fr\\\/\",\"logo\":{\"@type\":\"ImageObject\",\"inLanguage\":\"fr-FR\",\"@id\":\"https:\\\/\\\/goldzinocasino.com\\\/fr\\\/#\\\/schema\\\/logo\\\/image\\\/\",\"url\":\"https:\\\/\\\/goldzinocasino.com\\\/wp-content\\\/uploads\\\/2025\\\/12\\\/Casino-logo-Desktop-1.png\",\"contentUrl\":\"https:\\\/\\\/goldzinocasino.com\\\/wp-content\\\/uploads\\\/2025\\\/12\\\/Casino-logo-Desktop-1.png\",\"width\":209,\"height\":46,\"caption\":\"GoldZino\"},\"image\":{\"@id\":\"https:\\\/\\\/goldzinocasino.com\\\/fr\\\/#\\\/schema\\\/logo\\\/image\\\/\"}}]}<\/script>\n<!-- \/ Yoast SEO plugin. -->","yoast_head_json":{"title":"Goldzino Connexion \u2013 Inscription et gestion du compte\ufeff","description":"Inscrivez-vous, g\u00e9rez et v\u00e9rifiez facilement votre compte Goldzino Casino. Cr\u00e9ez, r\u00e9tablissez ou fermez votre compte en toute s\u00e9curit\u00e9 via la connexion Goldzino.","robots":{"index":"index","follow":"follow","max-snippet":"max-snippet:-1","max-image-preview":"max-image-preview:large","max-video-preview":"max-video-preview:-1"},"canonical":"https:\/\/goldzinocasino.com\/fr\/connexion-et-inscription\/","og_locale":"fr_FR","og_type":"article","og_title":"Goldzino Connexion \u2013 Inscription et gestion du compte\ufeff","og_description":"Inscrivez-vous, g\u00e9rez et v\u00e9rifiez facilement votre compte Goldzino Casino. Cr\u00e9ez, r\u00e9tablissez ou fermez votre compte en toute s\u00e9curit\u00e9 via la connexion Goldzino.","og_url":"https:\/\/goldzinocasino.com\/fr\/connexion-et-inscription\/","og_site_name":"goldzino","article_modified_time":"2025-12-23T07:56:13+00:00","twitter_card":"summary_large_image","twitter_misc":{"Dur\u00e9e de lecture estim\u00e9e":"1 minute"},"schema":{"@context":"https:\/\/schema.org","@graph":[{"@type":"WebPage","@id":"https:\/\/goldzinocasino.com\/fr\/connexion-et-inscription\/","url":"https:\/\/goldzinocasino.com\/fr\/connexion-et-inscription\/","name":"Goldzino Connexion \u2013 Inscription et gestion du compte\ufeff","isPartOf":{"@id":"https:\/\/goldzinocasino.com\/fr\/#website"},"datePublished":"2025-12-22T13:49:37+00:00","dateModified":"2025-12-23T07:56:13+00:00","description":"Inscrivez-vous, g\u00e9rez et v\u00e9rifiez facilement votre compte Goldzino Casino. Cr\u00e9ez, r\u00e9tablissez ou fermez votre compte en toute s\u00e9curit\u00e9 via la connexion Goldzino.","breadcrumb":{"@id":"https:\/\/goldzinocasino.com\/fr\/connexion-et-inscription\/#breadcrumb"},"inLanguage":"fr-FR","potentialAction":[{"@type":"ReadAction","target":["https:\/\/goldzinocasino.com\/fr\/connexion-et-inscription\/"]}]},{"@type":"BreadcrumbList","@id":"https:\/\/goldzinocasino.com\/fr\/connexion-et-inscription\/#breadcrumb","itemListElement":[{"@type":"ListItem","position":1,"name":"GoldZino","item":"https:\/\/goldzinocasino.com\/fr\/"},{"@type":"ListItem","position":2,"name":"Connexion et inscription"}]},{"@type":"WebSite","@id":"https:\/\/goldzinocasino.com\/fr\/#website","url":"https:\/\/goldzinocasino.com\/fr\/","name":"GoldZino","description":"","publisher":{"@id":"https:\/\/goldzinocasino.com\/fr\/#organization"},"potentialAction":[{"@type":"SearchAction","target":{"@type":"EntryPoint","urlTemplate":"https:\/\/goldzinocasino.com\/fr\/?s={search_term_string}"},"query-input":{"@type":"PropertyValueSpecification","valueRequired":true,"valueName":"search_term_string"}}],"inLanguage":"fr-FR"},{"@type":"Organization","@id":"https:\/\/goldzinocasino.com\/fr\/#organization","name":"GoldZino","url":"https:\/\/goldzinocasino.com\/fr\/","logo":{"@type":"ImageObject","inLanguage":"fr-FR","@id":"https:\/\/goldzinocasino.com\/fr\/#\/schema\/logo\/image\/","url":"https:\/\/goldzinocasino.com\/wp-content\/uploads\/2025\/12\/Casino-logo-Desktop-1.png","contentUrl":"https:\/\/goldzinocasino.com\/wp-content\/uploads\/2025\/12\/Casino-logo-Desktop-1.png","width":209,"height":46,"caption":"GoldZino"},"image":{"@id":"https:\/\/goldzinocasino.com\/fr\/#\/schema\/logo\/image\/"}}]}},"_links":{"self":[{"href":"https:\/\/goldzinocasino.com\/fr\/wp-json\/wp\/v2\/pages\/1782","targetHints":{"allow":["GET"]}}],"collection":[{"href":"https:\/\/goldzinocasino.com\/fr\/wp-json\/wp\/v2\/pages"}],"about":[{"href":"https:\/\/goldzinocasino.com\/fr\/wp-json\/wp\/v2\/types\/page"}],"author":[{"embeddable":true,"href":"https:\/\/goldzinocasino.com\/fr\/wp-json\/wp\/v2\/users\/1"}],"replies":[{"embeddable":true,"href":"https:\/\/goldzinocasino.com\/fr\/wp-json\/wp\/v2\/comments?post=1782"}],"version-history":[{"count":2,"href":"https:\/\/goldzinocasino.com\/fr\/wp-json\/wp\/v2\/pages\/1782\/revisions"}],"predecessor-version":[{"id":1865,"href":"https:\/\/goldzinocasino.com\/fr\/wp-json\/wp\/v2\/pages\/1782\/revisions\/1865"}],"wp:attachment":[{"href":"https:\/\/goldzinocasino.com\/fr\/wp-json\/wp\/v2\/media?parent=1782"}],"curies":[{"name":"wp","href":"https:\/\/api.w.org\/{rel}","templated":true}]}}