{"id":1771,"date":"2025-12-22T13:46:57","date_gmt":"2025-12-22T13:46:57","guid":{"rendered":"https:\/\/goldzinocasino.com\/app\/"},"modified":"2025-12-23T07:54:44","modified_gmt":"2025-12-23T07:54:44","slug":"app","status":"publish","type":"page","link":"https:\/\/goldzinocasino.com\/fr\/app\/","title":{"rendered":"App"},"content":{"rendered":"<h1>Application Goldzino<\/h1>\n<p>La Goldzino app permet \u00e0 tous nos utilisateurs de rester connect\u00e9s \u00e0 tout moment et en tout lieu. Nous avons d\u00e9velopp\u00e9 un logiciel adaptatif qui fonctionne sur tous les smartphones modernes \u00e9quip\u00e9s des syst\u00e8mes d&rsquo;exploitation Android et iOS. Vous n&rsquo;avez pas besoin de t\u00e9l\u00e9charger des fichiers inconnus. Il vous suffit d&rsquo;installer notre application web progressive. Vous aurez alors acc\u00e8s \u00e0 l&rsquo;ensemble de notre s\u00e9lection de jeux, adapt\u00e9e \u00e0 la taille de votre \u00e9cran.<\/p>\n<div class=\"banner-wrap\" aria-label=\"Banner\"><img src=\"https:\/\/goldzinocasino.com\/wp-content\/uploads\/2025\/12\/Banner-Desktop.webp\" class=\"w-100 d-none d-lg-block img-pc main-banner-img\" alt=\"Banner Desktop\" fetchpriority=\"high\" decoding=\"async\"><img src=\"https:\/\/goldzinocasino.com\/wp-content\/uploads\/2025\/12\/Group-376214.webp\" class=\"w-100 d-none d-md-block d-lg-none main-banner-img\" alt=\"goldzino bonus\" fetchpriority=\"high\" decoding=\"async\"><img src=\"https:\/\/goldzinocasino.com\/wp-content\/uploads\/2025\/12\/Group-376214.webp\" class=\"w-100 d-md-none\" alt=\"goldzino bonus\" fetchpriority=\"high\" decoding=\"async\"><div class=\"banner-description\">\n<div class=\"banner-title\">Bonus de bienvenue<\/div>\n<p class=\"banner-header-title\">1500 \u20ac<\/p>\n<div class=\"banner-header-AdditionalText\">+ 250 Tours gratuits<\/div>\n<button data-item=\"homepage_banner_link\" class=\"goto m-button m-gradient-border m-button--primary m-button--large banner-button btn-orange\">\n            <div class=\"m-button-content\">\n                <span>Inscrivez-vous d\u00e8s maintenant<\/span>\n                <span><\/span>\n            <\/div>\n        <\/button>\n<\/div>\n<div class=\"WelcomePack\">\n<p><img loading=\"lazy\" decoding=\"async\" class=\"alignnone size-full wp-image-1391\" src=\"https:\/\/goldzinocasino.com\/wp-content\/uploads\/2025\/12\/welcome-crown.svg\" alt=\"welcome crown\" width=\"25\" height=\"26\" \/><\/p>\n<div class=\"WelcomePack-Info\">Cashback hebdomadaire jusqu&rsquo;\u00e0 25 %<\/div>\n<p><img loading=\"lazy\" decoding=\"async\" class=\"alignnone size-full wp-image-1391\" src=\"https:\/\/goldzinocasino.com\/wp-content\/uploads\/2025\/12\/welcome-crown.svg\" alt=\"welcome crown\" width=\"25\" height=\"26\" \/><\/p>\n<\/div>\n<\/div>\n<h2>Goldzino Casino dans votre poche<\/h2>\n<p>La plupart de nos joueurs pr\u00e9f\u00e8rent utiliser leurs appareils mobiles pour jouer \u00e0 leurs jeux de casino en ligne pr\u00e9f\u00e9r\u00e9s. C&rsquo;est pourquoi nous avons d\u00e9velopp\u00e9 une application Goldzino pratique pour Android et iOS. Vous n&rsquo;avez pas \u00e0 vous inqui\u00e9ter de perdre votre progression ou d&rsquo;avoir moins de fonctionnalit\u00e9s. Notre logiciel est le reflet de la version principale pour ordinateur de bureau, avec plus de 6 000 jeux, des paiements pratiques et rapides et une \u00e9quipe d&rsquo;assistance disponible 24 heures sur 24, 7 jours sur 7. De plus, une fois connect\u00e9 \u00e0 votre compte, toutes vos donn\u00e9es et votre progression seront synchronis\u00e9es entre vos appareils.<\/p>\n<p>L&rsquo;application Goldzino s&rsquo;adapte \u00e0 tous les smartphones et tablettes modernes. La mise en page est con\u00e7ue selon les r\u00e8gles des logiciels mobiles : les boutons sont suffisamment grands et toutes les fonctions sont adapt\u00e9es au contr\u00f4le tactile. De plus, tous nos utilisateurs peuvent personnaliser l&rsquo;application selon leurs pr\u00e9f\u00e9rences et recevoir des notifications push exclusives.<\/p>\n<p><div style=\"clear: both\"><\/div><div class=\"d-flex justify-content-center\"><button data-item=\"seo-link\" data-group=\"website_links\" class=\"goto fw-bold rounded-pill btn btn-orange\" aria-label=\"T\u00e9l\u00e9chargez l&#039;application Goldzino\" >T\u00e9l\u00e9chargez l&#039;application Goldzino<\/button><\/div><div class=\"scrollable-content-wrap my-5\"><div class=\"scrollable-content-inner\"><h2>Goldzino application Android<\/h2>\n<p>La meilleure fa\u00e7on d&rsquo;utiliser Goldzino Casino sur votre appareil est d&rsquo;utiliser l&rsquo;application web progressive (PWA). C&rsquo;est une option pratique qui vous \u00e9vite de t\u00e9l\u00e9charger des fichiers APK inconnus et d&rsquo;utiliser inutilement l&rsquo;espace de stockage de votre t\u00e9l\u00e9phone. Nous avons cr\u00e9\u00e9 des instructions \u00e9tape par \u00e9tape pour installer l&rsquo;application Goldzino rapidement et simplement :<\/p>\n<table>\n<tbody>\n<tr>\n<td>\u00c9tape<\/td>\n<td>Informations suppl\u00e9mentaires<\/td>\n<\/tr>\n<tr>\n<td>Dans un premier temps, vous devez ouvrir le site web de Goldzino Casino.<\/td>\n<td>Vous \u00eates libre d&rsquo;utiliser le navigateur qui vous convient le mieux.<\/td>\n<\/tr>\n<tr>\n<td>Vous devez cliquer sur le bouton \u00ab Application Casino \u00bb.<\/td>\n<td>Le bouton se trouve en bas de la page du site web. Il vous suffit de faire d\u00e9filer la page jusqu&rsquo;au bouton.<\/td>\n<\/tr>\n<tr>\n<td>Le processus d&rsquo;installation va d\u00e9marrer.<\/td>\n<td>En g\u00e9n\u00e9ral, le processus ne prend pas plus de quelques minutes.<\/td>\n<\/tr>\n<tr>\n<td>Vous verrez l&rsquo;ic\u00f4ne Gold Zino sur votre \u00e9cran d&rsquo;accueil.<\/td>\n<td>Une fois l&rsquo;installation r\u00e9ussie, vous pouvez placer l&rsquo;ic\u00f4ne n&rsquo;importe o\u00f9 sur votre \u00e9cran.<\/td>\n<\/tr>\n<\/tbody>\n<\/table>\n<p>Une fois l&rsquo;installation termin\u00e9e, vous devez vous connecter ou cr\u00e9er un nouveau compte pour pouvoir utiliser toutes les fonctionnalit\u00e9s de l&rsquo;application Goldzino. Le logiciel mobile pr\u00e9sente la m\u00eame mise en page et la m\u00eame navigation que la version navigateur, vous ne devriez donc pas avoir de difficult\u00e9 \u00e0 vous y retrouver.<\/p>\n<p>Si vous pr\u00e9f\u00e9rez la version navigateur, il existe un moyen plus rapide de l&rsquo;utiliser. Tous les navigateurs modernes offrent la possibilit\u00e9 d&rsquo;installer une ic\u00f4ne de raccourci pour n&rsquo;importe quel site web. Vous devez vous rendre dans votre navigateur pr\u00e9f\u00e9r\u00e9, puis trouver l&rsquo;option \u00ab Ajouter \u00e0 l&rsquo;\u00e9cran d&rsquo;accueil \u00bb dans les param\u00e8tres. Une ic\u00f4ne de raccourci appara\u00eetra alors sur votre \u00e9cran d&rsquo;accueil.<\/p>\n<p><img loading=\"lazy\" decoding=\"async\" class=\"alignnone size-full wp-image-1436\" src=\"https:\/\/goldzinocasino.com\/wp-content\/uploads\/2025\/12\/Android-DE.webp\" alt=\"goldzino Android\" width=\"1248\" height=\"536\" srcset=\"https:\/\/goldzinocasino.com\/wp-content\/uploads\/2025\/12\/Android-DE.webp 1248w, https:\/\/goldzinocasino.com\/wp-content\/uploads\/2025\/12\/Android-DE-300x129.webp 300w, https:\/\/goldzinocasino.com\/wp-content\/uploads\/2025\/12\/Android-DE-1024x440.webp 1024w, https:\/\/goldzinocasino.com\/wp-content\/uploads\/2025\/12\/Android-DE-768x330.webp 768w\" sizes=\"auto, (max-width: 1248px) 100vw, 1248px\" \/><\/p>\n<\/div><\/div><div style=\"clear: both\"><\/div><div class=\"d-flex justify-content-center\"><button data-item=\"seo-link\" data-group=\"website_links\" class=\"goto fw-bold rounded-pill btn btn-orange\" aria-label=\"T\u00e9l\u00e9chargez l&#039;application Goldzino\" >T\u00e9l\u00e9chargez l&#039;application Goldzino<\/button><\/div><div class=\"scrollable-content-wrap my-5\"><div class=\"scrollable-content-inner\"><h2>Goldzino exp\u00e9rience de casino iOS<\/h2>\n<p>Les utilisateurs iOS n&rsquo;ont pas \u00e0 s&rsquo;inqui\u00e9ter, car nous leur proposons \u00e9galement deux options tr\u00e8s pratiques pour utiliser notre casino mobile. Vous avez la possibilit\u00e9 de choisir entre une application web progressive et une ic\u00f4ne de raccourci. Les deux options vous donneront un acc\u00e8s complet aux jeux, aux paiements, au service client et bien plus encore.<\/p>\n<p>Si vous pr\u00e9f\u00e9rez utiliser l&rsquo;application web progressive, vous pouvez l&rsquo;installer depuis notre site web. Le lien se trouve en bas de page du site web. La plupart des utilisateurs n&rsquo;ont besoin que de quelques minutes pour terminer l&rsquo;installation. Elle est enti\u00e8rement s\u00e9curis\u00e9e et nous v\u00e9rifions et mettons r\u00e9guli\u00e8rement \u00e0 jour le logiciel Gold Zino afin de vous offrir une excellente exp\u00e9rience.<\/p>\n<p>Il est \u00e9galement possible d&rsquo;installer une ic\u00f4ne de raccourci. C&rsquo;est un moyen simple et rapide d&rsquo;acc\u00e9der \u00e0 notre site web sans passer par le navigateur ni effectuer d&rsquo;autres \u00e9tapes inutiles. Suivez les instructions du tableau ci-dessous pour cr\u00e9er une ic\u00f4ne de raccourci vers Goldzino Casino :<\/p>\n<table>\n<tbody>\n<tr>\n<td>\u00c9tape<\/td>\n<td>Informations suppl\u00e9mentaires<\/td>\n<\/tr>\n<tr>\n<td>Vous devez ouvrir le site web de Gold Zino.<\/td>\n<td>Nous recommandons \u00e0 tous nos joueurs d&rsquo;utiliser uniquement le site officiel afin d&rsquo;\u00e9viter toute fraude.<\/td>\n<\/tr>\n<tr>\n<td>L&rsquo;utilisateur doit appuyer sur le bouton \u00ab Partager \u00bb.<\/td>\n<td>Le bouton ressemble \u00e0 un carr\u00e9 avec une fl\u00e8che pointant vers le haut.<\/td>\n<\/tr>\n<tr>\n<td>Vous devez s\u00e9lectionner l&rsquo;option \u00ab Ajouter \u00e0 l&rsquo;\u00e9cran d&rsquo;accueil \u00bb.<\/td>\n<td>Vous devrez faire d\u00e9filer la liste des param\u00e8tres pour trouver l&rsquo;option requise. Pour la confirmer, vous devez appuyer sur \u00ab Ajouter \u00bb.<\/td>\n<\/tr>\n<tr>\n<td>Vous pouvez choisir l&#8217;emplacement de l&rsquo;ic\u00f4ne.<\/td>\n<td>Pour ce faire, vous devez appuyer longuement sur l&rsquo;ic\u00f4ne du casino et la d\u00e9placer vers un emplacement pratique sur votre \u00e9cran.<\/td>\n<\/tr>\n<\/tbody>\n<\/table>\n<p><img loading=\"lazy\" decoding=\"async\" class=\"alignnone size-full wp-image-1490\" style=\"font-size: 16px\" src=\"https:\/\/goldzinocasino.com\/wp-content\/uploads\/2025\/12\/ios.webp\" alt=\"goldzino ios\" width=\"1248\" height=\"536\" srcset=\"https:\/\/goldzinocasino.com\/wp-content\/uploads\/2025\/12\/ios.webp 1248w, https:\/\/goldzinocasino.com\/wp-content\/uploads\/2025\/12\/ios-300x129.webp 300w, https:\/\/goldzinocasino.com\/wp-content\/uploads\/2025\/12\/ios-1024x440.webp 1024w, https:\/\/goldzinocasino.com\/wp-content\/uploads\/2025\/12\/ios-768x330.webp 768w\" sizes=\"auto, (max-width: 1248px) 100vw, 1248px\" \/><\/p>\n<\/div><\/div><div style=\"clear: both\"><\/div><div class=\"d-flex justify-content-center\"><button data-item=\"seo-link\" data-group=\"website_links\" class=\"goto fw-bold rounded-pill btn btn-orange\" aria-label=\"T\u00e9l\u00e9chargez l&#039;application Goldzino\" >T\u00e9l\u00e9chargez l&#039;application Goldzino<\/button><\/div><div class=\"scrollable-content-wrap my-5\"><div class=\"scrollable-content-inner\"><h2>T\u00e9l\u00e9chargement de l&rsquo;application Windows et macOS<\/h2>\n<p>M\u00eame si nous proposons des options mobiles, la version pour ordinateur reste la version classique et standard. Vous pouvez acc\u00e9der \u00e0 Goldzino Casino depuis n&rsquo;importe quel navigateur : Chrome, Safari, Edge, Firefox, etc. Il vous suffit de taper le nom de notre casino en ligne et le tour est jou\u00e9. Une fois l&rsquo;inscription ou la connexion effectu\u00e9e, vous pouvez utiliser toutes les fonctionnalit\u00e9s que nous proposons.<\/p>\n<p>Pour rendre le processus de jeu encore plus facile et plus rapide, tous les utilisateurs ont la possibilit\u00e9 d&rsquo;installer un raccourci sur leur ordinateur. Cela signifie qu&rsquo;il vous suffira de cliquer sur l&rsquo;ic\u00f4ne pour acc\u00e9der automatiquement \u00e0 Gold Zino. Pour ce faire, nous avons pr\u00e9par\u00e9 un petit guide :<\/p>\n<ol>\n<li>L&rsquo;utilisateur doit ouvrir son navigateur pr\u00e9f\u00e9r\u00e9.<\/li>\n<li>Un joueur doit cliquer sur le bouton \u00e0 trois points dans Chrome ou sur le bouton Partager dans Safari.<\/li>\n<li>Dans la liste, vous devriez trouver l&rsquo;option \u00ab Ajouter \u00e0 l&rsquo;\u00e9cran d&rsquo;accueil \u00bb et cliquer dessus.<\/li>\n<li>Apr\u00e8s avoir cliqu\u00e9 sur le bouton, l&rsquo;ic\u00f4ne du raccourci appara\u00eetra sur votre \u00e9cran d&rsquo;accueil. Vous pouvez toujours la d\u00e9placer pour qu&rsquo;elle se trouve \u00e0 un endroit qui vous convient.<\/li>\n<\/ol>\n<p><img loading=\"lazy\" decoding=\"async\" class=\"alignnone size-full wp-image-1517\" src=\"https:\/\/goldzinocasino.com\/wp-content\/uploads\/2025\/12\/PC.webp\" alt=\"goldzino pc\" width=\"1248\" height=\"536\" srcset=\"https:\/\/goldzinocasino.com\/wp-content\/uploads\/2025\/12\/PC.webp 1248w, https:\/\/goldzinocasino.com\/wp-content\/uploads\/2025\/12\/PC-300x129.webp 300w, https:\/\/goldzinocasino.com\/wp-content\/uploads\/2025\/12\/PC-1024x440.webp 1024w, https:\/\/goldzinocasino.com\/wp-content\/uploads\/2025\/12\/PC-768x330.webp 768w\" sizes=\"auto, (max-width: 1248px) 100vw, 1248px\" \/><\/p>\n<\/div><\/div><div style=\"clear: both\"><\/div><div class=\"d-flex justify-content-center\"><button data-item=\"seo-link\" data-group=\"website_links\" class=\"goto fw-bold rounded-pill btn btn-orange\" aria-label=\"T\u00e9l\u00e9chargez l&#039;application Goldzino\" >T\u00e9l\u00e9chargez l&#039;application Goldzino<\/button><\/div><div class=\"scrollable-content-wrap my-5\"><div class=\"scrollable-content-inner\"><h2>FAQ<\/h2>\n<h3>L&rsquo;application Goldzino Casino offre-t-elle un service client ?<\/h3>\n<p>Dans l&rsquo;application Goldzino, vous trouverez un chat en direct avec nos responsables du service client\u00e8le. Ils sont disponibles 24 heures sur 24. Nous prenons en charge de nombreuses langues, votre probl\u00e8me sera donc r\u00e9solu de mani\u00e8re professionnelle. Vous pouvez \u00e9galement nous contacter \u00e0 tout moment par e-mail.<\/p>\n<h3>Faut-il cr\u00e9er un compte pour utiliser l&rsquo;application Gold Zino ?<\/h3>\n<p>Tous les utilisateurs doivent disposer d&rsquo;un compte pour jouer \u00e0 des jeux et acc\u00e9der \u00e0 toutes les autres fonctionnalit\u00e9s de l&rsquo;application. Vous avez toujours la possibilit\u00e9 de cr\u00e9er un compte dans l&rsquo;application. Le processus d&rsquo;inscription ne prend pas plus de 3 minutes. N&rsquo;oubliez pas qu&rsquo;avant d&rsquo;effectuer votre premier retrait, tous les utilisateurs doivent passer par le processus de v\u00e9rification.<\/p>\n<h3>Tous les jeux sont-ils disponibles dans l&rsquo;application ?<\/h3>\n<p>Dans notre collection de jeux, toutes les options sont disponibles dans l&rsquo;application. Cela signifie qu&rsquo;elles sont con\u00e7ues pour s&rsquo;adapter aux smartphones et aux tablettes. Vous avez acc\u00e8s \u00e0 des machines \u00e0 sous en ligne, des jeux de table, des options avec croupier en direct et des jeux instantan\u00e9s.<\/p>\n<h3>Commet puis-je mettre \u00e0 jour l&rsquo;application Goldzino Casino ?<\/h3>\n<p>Tous les utilisateurs Android et iOS re\u00e7oivent une notification dans l&rsquo;application concernant les mises \u00e0 jour. Vous devez vous rendre sur notre site Web et installer la derni\u00e8re version. Nous vous recommandons de toujours disposer d&rsquo;une version mise \u00e0 jour pour b\u00e9n\u00e9ficier de la meilleure exp\u00e9rience de jeu et d&rsquo;une s\u00e9curit\u00e9 maximale.<\/p>\n<\/div><\/div><\/p>\n","protected":false},"excerpt":{"rendered":"<p>Application Goldzino La Goldzino app permet \u00e0 tous nos utilisateurs de rester connect\u00e9s \u00e0 tout moment et en tout lieu. Nous avons d\u00e9velopp\u00e9 un logiciel adaptatif qui fonctionne sur tous les smartphones modernes \u00e9quip\u00e9s des syst\u00e8mes d&rsquo;exploitation Android et iOS. Vous n&rsquo;avez pas besoin de t\u00e9l\u00e9charger des fichiers inconnus. Il vous suffit d&rsquo;installer notre application [&hellip;]<\/p>\n","protected":false},"author":1,"featured_media":0,"parent":0,"menu_order":0,"comment_status":"closed","ping_status":"closed","template":"template-builder.php","meta":{"_acf_changed":false,"inline_featured_image":false,"footnotes":""},"class_list":["post-1771","page","type-page","status-publish","hentry"],"acf":[],"yoast_head":"<!-- This site is optimized with the Yoast SEO plugin v27.3 - https:\/\/yoast.com\/product\/yoast-seo-wordpress\/ -->\n<title>Goldzino T\u00e9l\u00e9chargement de l&#039;application | iOS &amp; Android\ufeff<\/title>\n<meta name=\"description\" content=\"L\u2019application Goldzino offre un acc\u00e8s complet au casino sur Android, iOS, Windows et macOS. Tous les jeux sont disponibles avec synchronisation, mises \u00e0 jour r\u00e9guli\u00e8res et support int\u00e9gr\u00e9.\" \/>\n<meta name=\"robots\" content=\"index, follow, max-snippet:-1, max-image-preview:large, max-video-preview:-1\" \/>\n<link rel=\"canonical\" href=\"https:\/\/goldzinocasino.com\/fr\/app\/\" \/>\n<meta property=\"og:locale\" content=\"fr_FR\" \/>\n<meta property=\"og:type\" content=\"article\" \/>\n<meta property=\"og:title\" content=\"Goldzino T\u00e9l\u00e9chargement de l&#039;application | iOS &amp; Android\ufeff\" \/>\n<meta property=\"og:description\" content=\"L\u2019application Goldzino offre un acc\u00e8s complet au casino sur Android, iOS, Windows et macOS. Tous les jeux sont disponibles avec synchronisation, mises \u00e0 jour r\u00e9guli\u00e8res et support int\u00e9gr\u00e9.\" \/>\n<meta property=\"og:url\" content=\"https:\/\/goldzinocasino.com\/fr\/app\/\" \/>\n<meta property=\"og:site_name\" content=\"goldzino\" \/>\n<meta property=\"article:modified_time\" content=\"2025-12-23T07:54:44+00:00\" \/>\n<meta name=\"twitter:card\" content=\"summary_large_image\" \/>\n<meta name=\"twitter:label1\" content=\"Dur\u00e9e de lecture estim\u00e9e\" \/>\n\t<meta name=\"twitter:data1\" content=\"2 minutes\" \/>\n<script type=\"application\/ld+json\" class=\"yoast-schema-graph\">{\"@context\":\"https:\\\/\\\/schema.org\",\"@graph\":[{\"@type\":\"WebPage\",\"@id\":\"https:\\\/\\\/goldzinocasino.com\\\/fr\\\/app\\\/\",\"url\":\"https:\\\/\\\/goldzinocasino.com\\\/fr\\\/app\\\/\",\"name\":\"Goldzino T\u00e9l\u00e9chargement de l'application | iOS & Android\ufeff\",\"isPartOf\":{\"@id\":\"https:\\\/\\\/goldzinocasino.com\\\/fr\\\/#website\"},\"datePublished\":\"2025-12-22T13:46:57+00:00\",\"dateModified\":\"2025-12-23T07:54:44+00:00\",\"description\":\"L\u2019application Goldzino offre un acc\u00e8s complet au casino sur Android, iOS, Windows et macOS. Tous les jeux sont disponibles avec synchronisation, mises \u00e0 jour r\u00e9guli\u00e8res et support int\u00e9gr\u00e9.\",\"breadcrumb\":{\"@id\":\"https:\\\/\\\/goldzinocasino.com\\\/fr\\\/app\\\/#breadcrumb\"},\"inLanguage\":\"fr-FR\",\"potentialAction\":[{\"@type\":\"ReadAction\",\"target\":[\"https:\\\/\\\/goldzinocasino.com\\\/fr\\\/app\\\/\"]}]},{\"@type\":\"BreadcrumbList\",\"@id\":\"https:\\\/\\\/goldzinocasino.com\\\/fr\\\/app\\\/#breadcrumb\",\"itemListElement\":[{\"@type\":\"ListItem\",\"position\":1,\"name\":\"GoldZino\",\"item\":\"https:\\\/\\\/goldzinocasino.com\\\/fr\\\/\"},{\"@type\":\"ListItem\",\"position\":2,\"name\":\"App\"}]},{\"@type\":\"WebSite\",\"@id\":\"https:\\\/\\\/goldzinocasino.com\\\/fr\\\/#website\",\"url\":\"https:\\\/\\\/goldzinocasino.com\\\/fr\\\/\",\"name\":\"GoldZino\",\"description\":\"\",\"publisher\":{\"@id\":\"https:\\\/\\\/goldzinocasino.com\\\/fr\\\/#organization\"},\"potentialAction\":[{\"@type\":\"SearchAction\",\"target\":{\"@type\":\"EntryPoint\",\"urlTemplate\":\"https:\\\/\\\/goldzinocasino.com\\\/fr\\\/?s={search_term_string}\"},\"query-input\":{\"@type\":\"PropertyValueSpecification\",\"valueRequired\":true,\"valueName\":\"search_term_string\"}}],\"inLanguage\":\"fr-FR\"},{\"@type\":\"Organization\",\"@id\":\"https:\\\/\\\/goldzinocasino.com\\\/fr\\\/#organization\",\"name\":\"GoldZino\",\"url\":\"https:\\\/\\\/goldzinocasino.com\\\/fr\\\/\",\"logo\":{\"@type\":\"ImageObject\",\"inLanguage\":\"fr-FR\",\"@id\":\"https:\\\/\\\/goldzinocasino.com\\\/fr\\\/#\\\/schema\\\/logo\\\/image\\\/\",\"url\":\"https:\\\/\\\/goldzinocasino.com\\\/wp-content\\\/uploads\\\/2025\\\/12\\\/Casino-logo-Desktop-1.png\",\"contentUrl\":\"https:\\\/\\\/goldzinocasino.com\\\/wp-content\\\/uploads\\\/2025\\\/12\\\/Casino-logo-Desktop-1.png\",\"width\":209,\"height\":46,\"caption\":\"GoldZino\"},\"image\":{\"@id\":\"https:\\\/\\\/goldzinocasino.com\\\/fr\\\/#\\\/schema\\\/logo\\\/image\\\/\"}}]}<\/script>\n<!-- \/ Yoast SEO plugin. -->","yoast_head_json":{"title":"Goldzino T\u00e9l\u00e9chargement de l'application | iOS & Android\ufeff","description":"L\u2019application Goldzino offre un acc\u00e8s complet au casino sur Android, iOS, Windows et macOS. Tous les jeux sont disponibles avec synchronisation, mises \u00e0 jour r\u00e9guli\u00e8res et support int\u00e9gr\u00e9.","robots":{"index":"index","follow":"follow","max-snippet":"max-snippet:-1","max-image-preview":"max-image-preview:large","max-video-preview":"max-video-preview:-1"},"canonical":"https:\/\/goldzinocasino.com\/fr\/app\/","og_locale":"fr_FR","og_type":"article","og_title":"Goldzino T\u00e9l\u00e9chargement de l'application | iOS & Android\ufeff","og_description":"L\u2019application Goldzino offre un acc\u00e8s complet au casino sur Android, iOS, Windows et macOS. Tous les jeux sont disponibles avec synchronisation, mises \u00e0 jour r\u00e9guli\u00e8res et support int\u00e9gr\u00e9.","og_url":"https:\/\/goldzinocasino.com\/fr\/app\/","og_site_name":"goldzino","article_modified_time":"2025-12-23T07:54:44+00:00","twitter_card":"summary_large_image","twitter_misc":{"Dur\u00e9e de lecture estim\u00e9e":"2 minutes"},"schema":{"@context":"https:\/\/schema.org","@graph":[{"@type":"WebPage","@id":"https:\/\/goldzinocasino.com\/fr\/app\/","url":"https:\/\/goldzinocasino.com\/fr\/app\/","name":"Goldzino T\u00e9l\u00e9chargement de l'application | iOS & Android\ufeff","isPartOf":{"@id":"https:\/\/goldzinocasino.com\/fr\/#website"},"datePublished":"2025-12-22T13:46:57+00:00","dateModified":"2025-12-23T07:54:44+00:00","description":"L\u2019application Goldzino offre un acc\u00e8s complet au casino sur Android, iOS, Windows et macOS. Tous les jeux sont disponibles avec synchronisation, mises \u00e0 jour r\u00e9guli\u00e8res et support int\u00e9gr\u00e9.","breadcrumb":{"@id":"https:\/\/goldzinocasino.com\/fr\/app\/#breadcrumb"},"inLanguage":"fr-FR","potentialAction":[{"@type":"ReadAction","target":["https:\/\/goldzinocasino.com\/fr\/app\/"]}]},{"@type":"BreadcrumbList","@id":"https:\/\/goldzinocasino.com\/fr\/app\/#breadcrumb","itemListElement":[{"@type":"ListItem","position":1,"name":"GoldZino","item":"https:\/\/goldzinocasino.com\/fr\/"},{"@type":"ListItem","position":2,"name":"App"}]},{"@type":"WebSite","@id":"https:\/\/goldzinocasino.com\/fr\/#website","url":"https:\/\/goldzinocasino.com\/fr\/","name":"GoldZino","description":"","publisher":{"@id":"https:\/\/goldzinocasino.com\/fr\/#organization"},"potentialAction":[{"@type":"SearchAction","target":{"@type":"EntryPoint","urlTemplate":"https:\/\/goldzinocasino.com\/fr\/?s={search_term_string}"},"query-input":{"@type":"PropertyValueSpecification","valueRequired":true,"valueName":"search_term_string"}}],"inLanguage":"fr-FR"},{"@type":"Organization","@id":"https:\/\/goldzinocasino.com\/fr\/#organization","name":"GoldZino","url":"https:\/\/goldzinocasino.com\/fr\/","logo":{"@type":"ImageObject","inLanguage":"fr-FR","@id":"https:\/\/goldzinocasino.com\/fr\/#\/schema\/logo\/image\/","url":"https:\/\/goldzinocasino.com\/wp-content\/uploads\/2025\/12\/Casino-logo-Desktop-1.png","contentUrl":"https:\/\/goldzinocasino.com\/wp-content\/uploads\/2025\/12\/Casino-logo-Desktop-1.png","width":209,"height":46,"caption":"GoldZino"},"image":{"@id":"https:\/\/goldzinocasino.com\/fr\/#\/schema\/logo\/image\/"}}]}},"_links":{"self":[{"href":"https:\/\/goldzinocasino.com\/fr\/wp-json\/wp\/v2\/pages\/1771","targetHints":{"allow":["GET"]}}],"collection":[{"href":"https:\/\/goldzinocasino.com\/fr\/wp-json\/wp\/v2\/pages"}],"about":[{"href":"https:\/\/goldzinocasino.com\/fr\/wp-json\/wp\/v2\/types\/page"}],"author":[{"embeddable":true,"href":"https:\/\/goldzinocasino.com\/fr\/wp-json\/wp\/v2\/users\/1"}],"replies":[{"embeddable":true,"href":"https:\/\/goldzinocasino.com\/fr\/wp-json\/wp\/v2\/comments?post=1771"}],"version-history":[{"count":2,"href":"https:\/\/goldzinocasino.com\/fr\/wp-json\/wp\/v2\/pages\/1771\/revisions"}],"predecessor-version":[{"id":1863,"href":"https:\/\/goldzinocasino.com\/fr\/wp-json\/wp\/v2\/pages\/1771\/revisions\/1863"}],"wp:attachment":[{"href":"https:\/\/goldzinocasino.com\/fr\/wp-json\/wp\/v2\/media?parent=1771"}],"curies":[{"name":"wp","href":"https:\/\/api.w.org\/{rel}","templated":true}]}}