{"id":1788,"date":"2025-12-22T13:49:37","date_gmt":"2025-12-22T13:49:37","guid":{"rendered":"https:\/\/goldzinocasino.com\/login-and-registration\/"},"modified":"2025-12-23T11:42:47","modified_gmt":"2025-12-23T11:42:47","slug":"inicio-de-sesion-y-registro","status":"publish","type":"page","link":"https:\/\/goldzinocasino.com\/es\/inicio-de-sesion-y-registro\/","title":{"rendered":"Inicio de sesi\u00f3n y Registro"},"content":{"rendered":"<h1>Inicio de sesi\u00f3n en Goldzino: instrucciones sencillas para iniciar sesi\u00f3n y acceder a la cuenta<\/h1>\n<p>Para empezar a jugar con dinero real, tienes que pasar por el sencillo proceso de Goldzino login o registro para usuarios espa\u00f1oles. Aceptamos usuarios mayores de 18 a\u00f1os. Para crear una cuenta en nuestra plataforma, solo tienes que proporcionar tu direcci\u00f3n de correo electr\u00f3nico y contrase\u00f1a. Despu\u00e9s, tendr\u00e1s acceso a todos los t\u00edtulos y funcionalidades de Goldzino Casino Espa\u00f1a.<\/p>\n<p><div class=\"banner-wrap\" aria-label=\"Banner\"><img src=\"https:\/\/goldzinocasino.com\/wp-content\/uploads\/2025\/12\/Banner-Desktop.webp\" class=\"w-100 d-none d-lg-block img-pc main-banner-img\" alt=\"Banner Desktop\" fetchpriority=\"high\" decoding=\"async\"><img src=\"https:\/\/goldzinocasino.com\/wp-content\/uploads\/2025\/12\/Group-376214.webp\" class=\"w-100 d-none d-md-block d-lg-none main-banner-img\" alt=\"goldzino bonus\" fetchpriority=\"high\" decoding=\"async\"><img src=\"https:\/\/goldzinocasino.com\/wp-content\/uploads\/2025\/12\/Group-376214.webp\" class=\"w-100 d-md-none\" alt=\"goldzino bonus\" fetchpriority=\"high\" decoding=\"async\"><div class=\"banner-description\">\n<div class=\"banner-title\">Bonos de bienvenida<\/div>\n<p class=\"banner-header-title\">1500 \u20ac<\/p>\n<div class=\"banner-header-AdditionalText\">+ 250 Giros Gratis<\/div>\n<p>&nbsp;<\/p>\n<div class=\"m-button-content\"><button data-item=\"homepage_banner_link\" class=\"goto m-button m-gradient-border m-button--primary m-button--large banner-button btn-orange\">\n            <div class=\"m-button-content\">\n                <span>Reg\u00edstrate ahora<\/span>\n                <span><\/span>\n            <\/div>\n        <\/button><\/div>\n<p>&nbsp;<\/p>\n<\/div>\n<div class=\"WelcomePack\">\n<p><img decoding=\"async\" src=\"https:\/\/cdn.aramuz.net\/front\/components\/home\/welcome-crown.svg\" alt=\"\" \/><\/p>\n<div class=\"WelcomePack-Info\">Reembolso semanal de hasta el 25 %<\/div>\n<p><img decoding=\"async\" src=\"https:\/\/cdn.aramuz.net\/front\/components\/home\/welcome-crown.svg\" alt=\"\" \/><\/p>\n<\/div>\n<\/div><div class=\"scrollable-content-wrap my-5\"><div class=\"scrollable-content-inner\"><h2>Registro de jugadores en Goldzino Casino<\/h2>\n<p>El registro en Goldzino Casino es sencillo. La mayor\u00eda de los usuarios solo necesitan unos minutos para completarlo. Sin embargo, es un paso esencial para acceder a m\u00e1s de 6.000 t\u00edtulos de diferentes categor\u00edas y a todas las dem\u00e1s funciones del casino en l\u00ednea.<\/p>\n<p>Puedes cambiar tu informaci\u00f3n personal o de pago en tu cuenta. Como apoyamos el juego responsable, tambi\u00e9n encontrar\u00e1s herramientas para establecer l\u00edmites financieros y de tiempo en tu cuenta. Adem\u00e1s, hay una visi\u00f3n general completa de tu proceso de juego, dep\u00f3sitos, bonificaciones y mucho m\u00e1s.<\/p>\n<p>Despu\u00e9s de registrarte, podr\u00e1s participar en el programa de recomendaci\u00f3n. En la configuraci\u00f3n, encontrar\u00e1s el enlace para compartir con tus amigos, compa\u00f1eros de trabajo o familiares. Si se registran con tu enlace, recibir\u00e1s una recompensa. Puedes encontrar informaci\u00f3n detallada en la secci\u00f3n \u00abInvitar a amigos\u00bb de tu perfil.<\/p>\n<h3>Crea tu cuenta<\/h3>\n<p>El primer paso en la plataforma Gold Zino es crear un perfil. Hemos dise\u00f1ado el proceso para que sea r\u00e1pido y sencillo, de modo que los nuevos usuarios puedan familiarizarse con \u00e9l. Debes seguir las instrucciones que se indican a continuaci\u00f3n para crear tu cuenta en Goldzino Casino en solo unos minutos:<\/p>\n<ol>\n<li>Debes hacer clic en el bot\u00f3n dorado \u00abRegistrarse\u00bb en la p\u00e1gina de inicio de nuestro sitio web.<\/li>\n<li>Todos los usuarios deben introducir su correo electr\u00f3nico y crear una contrase\u00f1a segura para registrar una nueva cuenta.<\/li>\n<li>Debe leer los t\u00e9rminos y condiciones de nuestro sitio web y aceptar que es mayor de 18 a\u00f1os.<\/li>\n<li>Le recomendamos que compruebe dos veces toda la informaci\u00f3n introducida. A continuaci\u00f3n, haga clic en el bot\u00f3n \u00abRegistrarse\u00bb al final del formulario de registro.<\/li>\n<\/ol>\n<p>Para poder acceder a todas las funciones de Goldzino, es necesario confirmar tu direcci\u00f3n de correo electr\u00f3nico. Debes seguir el enlace que encontrar\u00e1s en el correo electr\u00f3nico que recibir\u00e1s de Gold Zino. A continuaci\u00f3n, tambi\u00e9n tendr\u00e1s que rellenar tus datos personales en tu cuenta.<\/p>\n<h2>Instrucciones para iniciar sesi\u00f3n en la cuenta Goldzino<\/h2>\n<p>Si ya tienes una cuenta en nuestra plataforma, solo tienes que seguir el proceso de inicio de sesi\u00f3n en Goldzino. Los usuarios pueden hacerlo en la versi\u00f3n de escritorio o en el software m\u00f3vil. Hemos creado unas breves instrucciones sobre los pasos principales del inicio de sesi\u00f3n en Goldzino para que no te pierdas:<\/p>\n<ol>\n<li>Debes hacer clic en el bot\u00f3n \u00abIniciar sesi\u00f3n\u00bb situado en la esquina superior derecha de nuestra p\u00e1gina web.<\/li>\n<li>Todos los usuarios deben introducir el correo electr\u00f3nico y la contrase\u00f1a que utilizaron para registrarse en su perfil de Gold Zino Casino.<\/li>\n<li>Para confirmar los datos introducidos, es necesario hacer clic en el bot\u00f3n \u00abIniciar sesi\u00f3n\u00bb.<\/li>\n<\/ol>\n<p>El inicio de sesi\u00f3n en Goldzino te abre las puertas a todas las funciones de nuestro casino online, incluyendo m\u00e1s de 6000 t\u00edtulos, la secci\u00f3n de apuestas, pagos, torneos y mucho m\u00e1s.<\/p>\n<h3>\u00bfOlvidaste tu contrase\u00f1a?<\/h3>\n<p>Te recomendamos que guardes el pasaporte despu\u00e9s del proceso de registro. Pero si lo has olvidado, tampoco es un problema, tenemos una soluci\u00f3n para ti. Durante el proceso de inicio de sesi\u00f3n en Goldzino, puedes hacer clic en el enlace \u00ab\u00bfHas olvidado tu contrase\u00f1a?\u00bb. Tienes que introducir tu correo electr\u00f3nico para que podamos enviarte el enlace para restablecer la contrase\u00f1a. Despu\u00e9s, con solo unos clics, podr\u00e1s crear una nueva.<\/p>\n<h2>Proceso de autenticaci\u00f3n de la cuenta de Goldzino Casino<\/h2>\n<p>Para realizar tu primer retiro de ganancias, debes verificar tu cuenta. Para ello, te pediremos que subas varios documentos en un formulario especial. Nuestros gestores los revisar\u00e1n cuidadosamente y te dar\u00e1n una respuesta en un plazo de 48 horas.<\/p>\n<p>La autenticaci\u00f3n de la cuenta es uno de los pasos m\u00e1s importantes para evitar el fraude y garantizar un juego seguro y justo. Una vez completado el proceso de verificaci\u00f3n, tendr\u00e1s acceso completo a los pagos de retirada sin ning\u00fan tipo de retraso. En la tabla siguiente encontrar\u00e1s todos los documentos principales sobre los que podemos solicitar informaci\u00f3n.<\/p>\n<table>\n<tbody>\n<tr>\n<td>Tipo de documento<\/td>\n<td>Detalles<\/td>\n<\/tr>\n<tr>\n<td>Documento de identidad v\u00e1lido expedido por el gobierno.<\/td>\n<td>Pasaporte, documento de identidad o permiso de conducir. Es necesario para confirmar su identidad y edad.<\/td>\n<\/tr>\n<tr>\n<td>Prueba de domicilio<\/td>\n<td>Factura reciente de servicios p\u00fablicos con una antig\u00fcedad m\u00e1xima de 6 meses o un extracto bancario.<\/td>\n<\/tr>\n<tr>\n<td>M\u00e9todo de prueba de pago<\/td>\n<td>Captura de pantalla o declaraci\u00f3n que confirme la titularidad de la cuenta.<\/td>\n<\/tr>\n<\/tbody>\n<\/table>\n<h2>Preguntas frecuentes<\/h2>\n<h3>\u00bfCu\u00e1nto tiempo dura el proceso de verificaci\u00f3n?<\/h3>\n<p>Oficialmente, el proceso de verificaci\u00f3n tarda hasta 48 horas. Pero, en la mayor\u00eda de los casos, nuestros gestores te dan una respuesta en un plazo de 12 horas. Una vez verificado tu perfil, podr\u00e1s realizar retiradas de fondos inmediatamente.<\/p>\n<h3>\u00bfPuedo cambiar mi contrase\u00f1a o direcci\u00f3n de correo electr\u00f3nico?<\/h3>\n<p>Puedes cambiar tu informaci\u00f3n personal y de pago en la configuraci\u00f3n del perfil de Gold Zino. Esto tambi\u00e9n funciona para el correo electr\u00f3nico y la contrase\u00f1a. Nuestro equipo de atenci\u00f3n al cliente estar\u00e1 encantado de ayudarte con este proceso si tienes alg\u00fan problema.<\/p>\n<h3>\u00bfQu\u00e9 debo hacer si no puedo iniciar sesi\u00f3n en mi cuenta?<\/h3>\n<p>En primer lugar, debe comprobar los datos introducidos. Si todo es correcto, le recomendamos que se ponga en contacto con nuestro servicio de asistencia multiling\u00fce disponible las 24 horas del d\u00eda, los 7 d\u00edas de la semana, a trav\u00e9s del chat en vivo o por correo electr\u00f3nico. Nuestros gestores comprobar\u00e1n su cuenta y le ofrecer\u00e1n una soluci\u00f3n.<\/p>\n<\/div><\/div><\/p>\n","protected":false},"excerpt":{"rendered":"<p>Inicio de sesi\u00f3n en Goldzino: instrucciones sencillas para iniciar sesi\u00f3n y acceder a la cuenta Para empezar a jugar con dinero real, tienes que pasar por el sencillo proceso de Goldzino login o registro para usuarios espa\u00f1oles. Aceptamos usuarios mayores de 18 a\u00f1os. Para crear una cuenta en nuestra plataforma, solo tienes que proporcionar tu [&hellip;]<\/p>\n","protected":false},"author":1,"featured_media":0,"parent":0,"menu_order":0,"comment_status":"closed","ping_status":"closed","template":"template-builder.php","meta":{"_acf_changed":false,"inline_featured_image":false,"footnotes":""},"class_list":["post-1788","page","type-page","status-publish","hentry"],"acf":[],"yoast_head":"<!-- This site is optimized with the Yoast SEO plugin v27.3 - https:\/\/yoast.com\/product\/yoast-seo-wordpress\/ -->\n<title>Goldzino Inicio de sesi\u00f3n \u2013 Registrarse y gestionar cuenta\ufeff<\/title>\n<meta name=\"description\" content=\"Reg\u00edstrate, administra y verifica f\u00e1cilmente tu cuenta de Goldzino Casino. Crea, recupera o cierra tu cuenta de forma segura a trav\u00e9s del acceso Goldzino.\" \/>\n<meta name=\"robots\" content=\"index, follow, max-snippet:-1, max-image-preview:large, max-video-preview:-1\" \/>\n<link rel=\"canonical\" href=\"https:\/\/goldzinocasino.com\/es\/inicio-de-sesion-y-registro\/\" \/>\n<meta property=\"og:locale\" content=\"es_ES\" \/>\n<meta property=\"og:type\" content=\"article\" \/>\n<meta property=\"og:title\" content=\"Goldzino Inicio de sesi\u00f3n \u2013 Registrarse y gestionar cuenta\ufeff\" \/>\n<meta property=\"og:description\" content=\"Reg\u00edstrate, administra y verifica f\u00e1cilmente tu cuenta de Goldzino Casino. Crea, recupera o cierra tu cuenta de forma segura a trav\u00e9s del acceso Goldzino.\" \/>\n<meta property=\"og:url\" content=\"https:\/\/goldzinocasino.com\/es\/inicio-de-sesion-y-registro\/\" \/>\n<meta property=\"og:site_name\" content=\"goldzino\" \/>\n<meta property=\"article:modified_time\" content=\"2025-12-23T11:42:47+00:00\" \/>\n<meta name=\"twitter:card\" content=\"summary_large_image\" \/>\n<meta name=\"twitter:label1\" content=\"Est. reading time\" \/>\n\t<meta name=\"twitter:data1\" content=\"1 minuto\" \/>\n<script type=\"application\/ld+json\" class=\"yoast-schema-graph\">{\"@context\":\"https:\\\/\\\/schema.org\",\"@graph\":[{\"@type\":\"WebPage\",\"@id\":\"https:\\\/\\\/goldzinocasino.com\\\/es\\\/inicio-de-sesion-y-registro\\\/\",\"url\":\"https:\\\/\\\/goldzinocasino.com\\\/es\\\/inicio-de-sesion-y-registro\\\/\",\"name\":\"Goldzino Inicio de sesi\u00f3n \u2013 Registrarse y gestionar cuenta\ufeff\",\"isPartOf\":{\"@id\":\"https:\\\/\\\/goldzinocasino.com\\\/es\\\/#website\"},\"datePublished\":\"2025-12-22T13:49:37+00:00\",\"dateModified\":\"2025-12-23T11:42:47+00:00\",\"description\":\"Reg\u00edstrate, administra y verifica f\u00e1cilmente tu cuenta de Goldzino Casino. Crea, recupera o cierra tu cuenta de forma segura a trav\u00e9s del acceso Goldzino.\",\"breadcrumb\":{\"@id\":\"https:\\\/\\\/goldzinocasino.com\\\/es\\\/inicio-de-sesion-y-registro\\\/#breadcrumb\"},\"inLanguage\":\"es\",\"potentialAction\":[{\"@type\":\"ReadAction\",\"target\":[\"https:\\\/\\\/goldzinocasino.com\\\/es\\\/inicio-de-sesion-y-registro\\\/\"]}]},{\"@type\":\"BreadcrumbList\",\"@id\":\"https:\\\/\\\/goldzinocasino.com\\\/es\\\/inicio-de-sesion-y-registro\\\/#breadcrumb\",\"itemListElement\":[{\"@type\":\"ListItem\",\"position\":1,\"name\":\"GoldZino\",\"item\":\"https:\\\/\\\/goldzinocasino.com\\\/es\\\/\"},{\"@type\":\"ListItem\",\"position\":2,\"name\":\"Inicio de sesi\u00f3n y Registro\"}]},{\"@type\":\"WebSite\",\"@id\":\"https:\\\/\\\/goldzinocasino.com\\\/es\\\/#website\",\"url\":\"https:\\\/\\\/goldzinocasino.com\\\/es\\\/\",\"name\":\"GoldZino\",\"description\":\"\",\"publisher\":{\"@id\":\"https:\\\/\\\/goldzinocasino.com\\\/es\\\/#organization\"},\"potentialAction\":[{\"@type\":\"SearchAction\",\"target\":{\"@type\":\"EntryPoint\",\"urlTemplate\":\"https:\\\/\\\/goldzinocasino.com\\\/es\\\/?s={search_term_string}\"},\"query-input\":{\"@type\":\"PropertyValueSpecification\",\"valueRequired\":true,\"valueName\":\"search_term_string\"}}],\"inLanguage\":\"es\"},{\"@type\":\"Organization\",\"@id\":\"https:\\\/\\\/goldzinocasino.com\\\/es\\\/#organization\",\"name\":\"GoldZino\",\"url\":\"https:\\\/\\\/goldzinocasino.com\\\/es\\\/\",\"logo\":{\"@type\":\"ImageObject\",\"inLanguage\":\"es\",\"@id\":\"https:\\\/\\\/goldzinocasino.com\\\/es\\\/#\\\/schema\\\/logo\\\/image\\\/\",\"url\":\"https:\\\/\\\/goldzinocasino.com\\\/wp-content\\\/uploads\\\/2025\\\/12\\\/Casino-logo-Desktop-1.png\",\"contentUrl\":\"https:\\\/\\\/goldzinocasino.com\\\/wp-content\\\/uploads\\\/2025\\\/12\\\/Casino-logo-Desktop-1.png\",\"width\":209,\"height\":46,\"caption\":\"GoldZino\"},\"image\":{\"@id\":\"https:\\\/\\\/goldzinocasino.com\\\/es\\\/#\\\/schema\\\/logo\\\/image\\\/\"}}]}<\/script>\n<!-- \/ Yoast SEO plugin. -->","yoast_head_json":{"title":"Goldzino Inicio de sesi\u00f3n \u2013 Registrarse y gestionar cuenta\ufeff","description":"Reg\u00edstrate, administra y verifica f\u00e1cilmente tu cuenta de Goldzino Casino. Crea, recupera o cierra tu cuenta de forma segura a trav\u00e9s del acceso Goldzino.","robots":{"index":"index","follow":"follow","max-snippet":"max-snippet:-1","max-image-preview":"max-image-preview:large","max-video-preview":"max-video-preview:-1"},"canonical":"https:\/\/goldzinocasino.com\/es\/inicio-de-sesion-y-registro\/","og_locale":"es_ES","og_type":"article","og_title":"Goldzino Inicio de sesi\u00f3n \u2013 Registrarse y gestionar cuenta\ufeff","og_description":"Reg\u00edstrate, administra y verifica f\u00e1cilmente tu cuenta de Goldzino Casino. Crea, recupera o cierra tu cuenta de forma segura a trav\u00e9s del acceso Goldzino.","og_url":"https:\/\/goldzinocasino.com\/es\/inicio-de-sesion-y-registro\/","og_site_name":"goldzino","article_modified_time":"2025-12-23T11:42:47+00:00","twitter_card":"summary_large_image","twitter_misc":{"Est. reading time":"1 minuto"},"schema":{"@context":"https:\/\/schema.org","@graph":[{"@type":"WebPage","@id":"https:\/\/goldzinocasino.com\/es\/inicio-de-sesion-y-registro\/","url":"https:\/\/goldzinocasino.com\/es\/inicio-de-sesion-y-registro\/","name":"Goldzino Inicio de sesi\u00f3n \u2013 Registrarse y gestionar cuenta\ufeff","isPartOf":{"@id":"https:\/\/goldzinocasino.com\/es\/#website"},"datePublished":"2025-12-22T13:49:37+00:00","dateModified":"2025-12-23T11:42:47+00:00","description":"Reg\u00edstrate, administra y verifica f\u00e1cilmente tu cuenta de Goldzino Casino. Crea, recupera o cierra tu cuenta de forma segura a trav\u00e9s del acceso Goldzino.","breadcrumb":{"@id":"https:\/\/goldzinocasino.com\/es\/inicio-de-sesion-y-registro\/#breadcrumb"},"inLanguage":"es","potentialAction":[{"@type":"ReadAction","target":["https:\/\/goldzinocasino.com\/es\/inicio-de-sesion-y-registro\/"]}]},{"@type":"BreadcrumbList","@id":"https:\/\/goldzinocasino.com\/es\/inicio-de-sesion-y-registro\/#breadcrumb","itemListElement":[{"@type":"ListItem","position":1,"name":"GoldZino","item":"https:\/\/goldzinocasino.com\/es\/"},{"@type":"ListItem","position":2,"name":"Inicio de sesi\u00f3n y Registro"}]},{"@type":"WebSite","@id":"https:\/\/goldzinocasino.com\/es\/#website","url":"https:\/\/goldzinocasino.com\/es\/","name":"GoldZino","description":"","publisher":{"@id":"https:\/\/goldzinocasino.com\/es\/#organization"},"potentialAction":[{"@type":"SearchAction","target":{"@type":"EntryPoint","urlTemplate":"https:\/\/goldzinocasino.com\/es\/?s={search_term_string}"},"query-input":{"@type":"PropertyValueSpecification","valueRequired":true,"valueName":"search_term_string"}}],"inLanguage":"es"},{"@type":"Organization","@id":"https:\/\/goldzinocasino.com\/es\/#organization","name":"GoldZino","url":"https:\/\/goldzinocasino.com\/es\/","logo":{"@type":"ImageObject","inLanguage":"es","@id":"https:\/\/goldzinocasino.com\/es\/#\/schema\/logo\/image\/","url":"https:\/\/goldzinocasino.com\/wp-content\/uploads\/2025\/12\/Casino-logo-Desktop-1.png","contentUrl":"https:\/\/goldzinocasino.com\/wp-content\/uploads\/2025\/12\/Casino-logo-Desktop-1.png","width":209,"height":46,"caption":"GoldZino"},"image":{"@id":"https:\/\/goldzinocasino.com\/es\/#\/schema\/logo\/image\/"}}]}},"_links":{"self":[{"href":"https:\/\/goldzinocasino.com\/es\/wp-json\/wp\/v2\/pages\/1788","targetHints":{"allow":["GET"]}}],"collection":[{"href":"https:\/\/goldzinocasino.com\/es\/wp-json\/wp\/v2\/pages"}],"about":[{"href":"https:\/\/goldzinocasino.com\/es\/wp-json\/wp\/v2\/types\/page"}],"author":[{"embeddable":true,"href":"https:\/\/goldzinocasino.com\/es\/wp-json\/wp\/v2\/users\/1"}],"replies":[{"embeddable":true,"href":"https:\/\/goldzinocasino.com\/es\/wp-json\/wp\/v2\/comments?post=1788"}],"version-history":[{"count":2,"href":"https:\/\/goldzinocasino.com\/es\/wp-json\/wp\/v2\/pages\/1788\/revisions"}],"predecessor-version":[{"id":2087,"href":"https:\/\/goldzinocasino.com\/es\/wp-json\/wp\/v2\/pages\/1788\/revisions\/2087"}],"wp:attachment":[{"href":"https:\/\/goldzinocasino.com\/es\/wp-json\/wp\/v2\/media?parent=1788"}],"curies":[{"name":"wp","href":"https:\/\/api.w.org\/{rel}","templated":true}]}}