{"id":1783,"date":"2025-12-22T13:49:37","date_gmt":"2025-12-22T13:49:37","guid":{"rendered":"https:\/\/goldzinocasino.com\/login-and-registration\/"},"modified":"2025-12-23T08:17:25","modified_gmt":"2025-12-23T08:17:25","slug":"anmeldung-und-registrierung","status":"publish","type":"page","link":"https:\/\/goldzinocasino.com\/de\/anmeldung-und-registrierung\/","title":{"rendered":"Anmeldung und Registrierung"},"content":{"rendered":"<h1>Goldzino Login \u2013 Einfache Anmeldung und Kontoanleitung<\/h1>\n<p>Um mit echtem Geld zu spielen, m\u00fcssen Sie den einfachen Goldzino Login oder Registrierungsprozess durchlaufen. Wir akzeptieren Nutzer, die mindestens 18 Jahre alt sind. Um ein Konto auf unserer Plattform zu erstellen, m\u00fcssen Sie lediglich Ihre E-Mail-Adresse und Ihr Passwort angeben. Danach haben Sie Zugriff auf alle Titel und Funktionen von Goldzino Casino.<\/p>\n<p><div class=\"banner-wrap\" aria-label=\"Banner\"><img src=\"https:\/\/goldzinocasino.com\/wp-content\/uploads\/2025\/12\/Banner-Desktop.webp\" class=\"w-100 d-none d-lg-block img-pc main-banner-img\" alt=\"Banner Desktop\" fetchpriority=\"high\" decoding=\"async\"><img src=\"https:\/\/goldzinocasino.com\/wp-content\/uploads\/2025\/12\/Group-376214.webp\" class=\"w-100 d-none d-md-block d-lg-none main-banner-img\" alt=\"goldzino bonus\" fetchpriority=\"high\" decoding=\"async\"><img src=\"https:\/\/goldzinocasino.com\/wp-content\/uploads\/2025\/12\/Group-376214.webp\" class=\"w-100 d-md-none\" alt=\"goldzino bonus\" fetchpriority=\"high\" decoding=\"async\"><div class=\"banner-description\">\n<div class=\"banner-title\">Willkommensboni<\/div>\n<p class=\"banner-header-title\">\u20ac1500<\/p>\n<div class=\"banner-header-AdditionalText\">+250 Freispiele<\/div>\n<p>&nbsp;<\/p>\n<div class=\"m-button-content\"><button data-item=\"homepage_banner_link\" class=\"goto m-button m-gradient-border m-button--primary m-button--large banner-button btn-orange\">\n            <div class=\"m-button-content\">\n                <span>Jetzt anmelden<\/span>\n                <span><\/span>\n            <\/div>\n        <\/button><\/div>\n<p>&nbsp;<\/p>\n<\/div>\n<div class=\"WelcomePack\">\n<p><img loading=\"lazy\" decoding=\"async\" class=\"alignnone size-full wp-image-1393\" src=\"https:\/\/goldzinocasino.com\/wp-content\/uploads\/2025\/12\/welcome-crown.svg\" alt=\"welcome crown\" width=\"25\" height=\"26\" \/><\/p>\n<div class=\"WelcomePack-Info\">W\u00f6chentliches Cashback bis zu 25 %<\/div>\n<p><img loading=\"lazy\" decoding=\"async\" class=\"alignnone size-full wp-image-1393\" src=\"https:\/\/goldzinocasino.com\/wp-content\/uploads\/2025\/12\/welcome-crown.svg\" alt=\"welcome crown\" width=\"25\" height=\"26\" \/><\/p>\n<\/div>\n<\/div><div class=\"scrollable-content-wrap my-5\"><div class=\"scrollable-content-inner\"><h2>Goldzino Casino Spielerregistrierung<\/h2>\n<p>Die Registrierung bei Goldzino Casino ist ganz einfach. Die meisten Nutzer ben\u00f6tigen daf\u00fcr nur wenige Minuten. Es ist jedoch ein wichtiger Schritt, um Zugang zu \u00fcber 6.000 Titeln in verschiedenen Kategorien und allen anderen Funktionen des Online-Casinos zu erhalten.<\/p>\n<p>Sie k\u00f6nnen Ihre pers\u00f6nlichen Daten oder Zahlungsinformationen in Ihrem Konto \u00e4ndern. Da wir verantwortungsbewusstes Spielen unterst\u00fctzen, finden Sie in Ihrem Konto auch Tools, mit denen Sie finanzielle und zeitliche Limits festlegen k\u00f6nnen. Dar\u00fcber hinaus erhalten Sie einen vollst\u00e4ndigen \u00dcberblick \u00fcber Ihren Spielverlauf, Einzahlungen, Boni und vieles mehr.<\/p>\n<p>Nach der Registrierung k\u00f6nnen Sie am Empfehlungsprogramm teilnehmen. In den Einstellungen finden Sie den Link, den Sie mit Ihren Freunden, Kollegen oder Verwandten teilen k\u00f6nnen. Wenn diese sich \u00fcber Ihren Link registrieren, erhalten Sie eine Pr\u00e4mie. Detaillierte Informationen finden Sie in Ihrem Profil unter \u201eFreunde einladen\u201d.<\/p>\n<h3>Erstellen Sie Ihr Konto<\/h3>\n<p>Der erste Schritt auf der Plattform Gold Zino ist die Erstellung eines Profils. Wir haben den Vorgang so gestaltet, dass er schnell und unkompliziert ist, damit sich neue Nutzer leicht zurechtfinden. Befolgen Sie die nachstehenden Anweisungen, um in wenigen Minuten Ihr Konto bei Goldzino Casino zu erstellen:<\/p>\n<ol>\n<li>Sie m\u00fcssen auf der Startseite unserer Website auf die goldene Schaltfl\u00e4che \u201eAnmelden\u201c klicken.<\/li>\n<li>Alle Benutzer m\u00fcssen ihre E-Mail-Adresse eingeben und ein sicheres Passwort erstellen, um ein neues Konto zu registrieren.<\/li>\n<li>Sie sollten die Nutzungsbedingungen unserer Website lesen und best\u00e4tigen, dass Sie mindestens 18 Jahre alt sind.<\/li>\n<li>Wir empfehlen Ihnen, alle eingegebenen Informationen noch einmal zu \u00fcberpr\u00fcfen. Anschlie\u00dfend klicken Sie bitte auf die Schaltfl\u00e4che \u201eAnmelden\u201c am Ende des Anmeldeformulars.<\/li>\n<\/ol>\n<p>Um Zugriff auf alle Funktionen von Goldzino zu erhalten, m\u00fcssen Sie Ihre E-Mail-Adresse best\u00e4tigen. Folgen Sie dazu dem Link in der E-Mail, die Sie von Gold Zino erhalten. Anschlie\u00dfend m\u00fcssen Sie Ihre pers\u00f6nlichen Daten in Ihrem Konto eingeben.<\/p>\n<h2>Anleitung zur Anmeldung bei Goldzino<\/h2>\n<p>Wenn Sie bereits ein Konto auf unserer Plattform haben, m\u00fcssen Sie nur den Goldzino-Anmeldeprozess durchlaufen. Benutzer k\u00f6nnen dies in der Desktop-Version oder in der mobilen Software tun. Wir haben eine kurze Anleitung zu den wichtigsten Schritten der Goldzino-Anmeldung erstellt, damit Sie sich nicht verirren:<\/p>\n<ol>\n<li>Sie m\u00fcssen auf die Schaltfl\u00e4che \u201eAnmelden\u201c oben rechts auf unserer Website klicken.<\/li>\n<li>Alle Benutzer m\u00fcssen die E-Mail-Adresse und das Passwort eingeben, mit denen sie sich f\u00fcr ihr Gold Zino Casino-Profil registriert haben.<\/li>\n<li>Um die eingegebenen Daten zu best\u00e4tigen, m\u00fcssen Sie auf die Schaltfl\u00e4che \u201eAnmelden\u201c klicken.<\/li>\n<\/ol>\n<p>Die Anmeldung bei Goldzino \u00f6ffnet Ihnen die T\u00fcr zu allen Funktionen unseres Online-Casinos, darunter mehr als 6.000 Titel, der Wettbereich, Zahlungen, Turniere und vieles mehr.<\/p>\n<h3>Passwort vergessen?<\/h3>\n<p>Wir empfehlen Ihnen, den Pass nach der Registrierung zu speichern. Aber wenn Sie ihn vergessen haben, ist das auch kein Problem, denn wir haben eine L\u00f6sung f\u00fcr Sie. W\u00e4hrend des Goldzino-Anmeldevorgangs k\u00f6nnen Sie auf den Link \u201ePasswort vergessen?\u201c klicken. Sie m\u00fcssen Ihre E-Mail-Adresse eingeben, damit wir Ihnen den Link zum Zur\u00fccksetzen des Passworts zusenden k\u00f6nnen. Danach k\u00f6nnen Sie mit nur wenigen Klicks ein neues Passwort erstellen.<\/p>\n<h2>Goldzino Casino Kontoauthentifizierungsprozess<\/h2>\n<p>Um Ihre erste Auszahlung von Gewinnen vornehmen zu k\u00f6nnen, m\u00fcssen Sie Ihr Konto verifizieren. Dazu bitten wir Sie, mehrere Dokumente in einem speziellen Formular hochzuladen. Unsere Mitarbeiter werden diese sorgf\u00e4ltig pr\u00fcfen und Ihnen innerhalb von 48 Stunden eine Antwort geben.<\/p>\n<p>Die Kontoauthentifizierung ist einer der wichtigsten Schritte, um Betrug zu vermeiden und ein sicheres und faires Spiel zu gew\u00e4hrleisten. Nachdem Sie den Verifizierungsprozess einmal abgeschlossen haben, haben Sie ohne Verz\u00f6gerungen vollen Zugriff auf die Auszahlungen. In der folgenden Tabelle finden Sie alle wichtigen Dokumente, zu denen wir Informationen anfordern k\u00f6nnen.<\/p>\n<table>\n<tbody>\n<tr>\n<td>Dokumenttyp<\/td>\n<td>Details<\/td>\n<\/tr>\n<tr>\n<td>G\u00fcltiger, von einer Beh\u00f6rde ausgestellter Ausweis<\/td>\n<td>Reisepass, Personalausweis oder F\u00fchrerschein. Diese Dokumente werden ben\u00f6tigt, um Ihre Identit\u00e4t und Ihr Alter zu best\u00e4tigen.<\/td>\n<\/tr>\n<tr>\n<td>Adressnachweis<\/td>\n<td>Aktuelle Stromrechnung, die nicht \u00e4lter als 6 Monate ist, oder ein Kontoauszug.<\/td>\n<\/tr>\n<tr>\n<td>Nachweis der Zahlungsmethode<\/td>\n<td>Screenshot oder Erkl\u00e4rung zur Best\u00e4tigung der Kontoinhaberschaft.<\/td>\n<\/tr>\n<\/tbody>\n<\/table>\n<h2>H\u00e4ufig gestellte Fragen<\/h2>\n<h3>Wie lange dauert der \u00dcberpr\u00fcfungsprozess?<\/h3>\n<p>Offiziell dauert der Verifizierungsprozess bis zu 48 Stunden. In den meisten F\u00e4llen erhalten Sie jedoch innerhalb von 12 Stunden eine Antwort von unseren Managern. Nachdem Sie Ihr Profil verifiziert haben, k\u00f6nnen Sie sofort Auszahlungen vornehmen.<\/p>\n<h3>Kann ich mein Passwort oder meine E-Mail-Adresse \u00e4ndern?<\/h3>\n<p>Sie k\u00f6nnen Ihre Zahlungs- und pers\u00f6nlichen Daten in den Gold Zino-Profileinstellungen \u00e4ndern. Dies gilt auch f\u00fcr E-Mail-Adresse und Passwort. Unser Kundensupportteam hilft Ihnen gerne bei diesem Vorgang, falls Sie Probleme haben sollten.<\/p>\n<h3>Was soll ich tun, wenn ich mich nicht in mein Konto einloggen kann?<\/h3>\n<p>Zun\u00e4chst sollten Sie die eingegebenen Daten \u00fcberpr\u00fcfen. Wenn alles korrekt ist, empfehlen wir Ihnen, sich \u00fcber den Live-Chat oder per E-Mail an unseren rund um die Uhr verf\u00fcgbaren mehrsprachigen Support zu wenden. Unsere Mitarbeiter werden Ihr Konto \u00fcberpr\u00fcfen und Ihnen eine L\u00f6sung anbieten.<\/p>\n<\/div><\/div><\/p>\n","protected":false},"excerpt":{"rendered":"<p>Goldzino Login \u2013 Einfache Anmeldung und Kontoanleitung Um mit echtem Geld zu spielen, m\u00fcssen Sie den einfachen Goldzino Login oder Registrierungsprozess durchlaufen. Wir akzeptieren Nutzer, die mindestens 18 Jahre alt sind. Um ein Konto auf unserer Plattform zu erstellen, m\u00fcssen Sie lediglich Ihre E-Mail-Adresse und Ihr Passwort angeben. Danach haben Sie Zugriff auf alle Titel [&hellip;]<\/p>\n","protected":false},"author":1,"featured_media":0,"parent":0,"menu_order":0,"comment_status":"closed","ping_status":"closed","template":"template-builder.php","meta":{"_acf_changed":false,"inline_featured_image":false,"footnotes":""},"class_list":["post-1783","page","type-page","status-publish","hentry"],"acf":[],"yoast_head":"<!-- This site is optimized with the Yoast SEO plugin v27.3 - https:\/\/yoast.com\/product\/yoast-seo-wordpress\/ -->\n<title>Goldzino Login \u2013 Registrieren &amp; Konto verwalten<\/title>\n<meta name=\"description\" content=\"Registrieren, verwalten und verifizieren Sie Ihr Goldzino-Casino-Konto einfach. Erstellen, wiederherstellen oder schlie\u00dfen Sie Ihr Konto schnell und sicher \u00fcber den Goldzino-Login.\" \/>\n<meta name=\"robots\" content=\"index, follow, max-snippet:-1, max-image-preview:large, max-video-preview:-1\" \/>\n<link rel=\"canonical\" href=\"https:\/\/goldzinocasino.com\/de\/anmeldung-und-registrierung\/\" \/>\n<meta property=\"og:locale\" content=\"de_DE\" \/>\n<meta property=\"og:type\" content=\"article\" \/>\n<meta property=\"og:title\" content=\"Goldzino Login \u2013 Registrieren &amp; Konto verwalten\" \/>\n<meta property=\"og:description\" content=\"Registrieren, verwalten und verifizieren Sie Ihr Goldzino-Casino-Konto einfach. Erstellen, wiederherstellen oder schlie\u00dfen Sie Ihr Konto schnell und sicher \u00fcber den Goldzino-Login.\" \/>\n<meta property=\"og:url\" content=\"https:\/\/goldzinocasino.com\/de\/anmeldung-und-registrierung\/\" \/>\n<meta property=\"og:site_name\" content=\"goldzino\" \/>\n<meta property=\"article:modified_time\" content=\"2025-12-23T08:17:25+00:00\" \/>\n<meta name=\"twitter:card\" content=\"summary_large_image\" \/>\n<meta name=\"twitter:label1\" content=\"Gesch\u00e4tzte Lesezeit\" \/>\n\t<meta name=\"twitter:data1\" content=\"1\u00a0Minute\" \/>\n<script type=\"application\/ld+json\" class=\"yoast-schema-graph\">{\"@context\":\"https:\\\/\\\/schema.org\",\"@graph\":[{\"@type\":\"WebPage\",\"@id\":\"https:\\\/\\\/goldzinocasino.com\\\/de\\\/anmeldung-und-registrierung\\\/\",\"url\":\"https:\\\/\\\/goldzinocasino.com\\\/de\\\/anmeldung-und-registrierung\\\/\",\"name\":\"Goldzino Login \u2013 Registrieren & Konto verwalten\",\"isPartOf\":{\"@id\":\"https:\\\/\\\/goldzinocasino.com\\\/de\\\/#website\"},\"datePublished\":\"2025-12-22T13:49:37+00:00\",\"dateModified\":\"2025-12-23T08:17:25+00:00\",\"description\":\"Registrieren, verwalten und verifizieren Sie Ihr Goldzino-Casino-Konto einfach. Erstellen, wiederherstellen oder schlie\u00dfen Sie Ihr Konto schnell und sicher \u00fcber den Goldzino-Login.\",\"breadcrumb\":{\"@id\":\"https:\\\/\\\/goldzinocasino.com\\\/de\\\/anmeldung-und-registrierung\\\/#breadcrumb\"},\"inLanguage\":\"de\",\"potentialAction\":[{\"@type\":\"ReadAction\",\"target\":[\"https:\\\/\\\/goldzinocasino.com\\\/de\\\/anmeldung-und-registrierung\\\/\"]}]},{\"@type\":\"BreadcrumbList\",\"@id\":\"https:\\\/\\\/goldzinocasino.com\\\/de\\\/anmeldung-und-registrierung\\\/#breadcrumb\",\"itemListElement\":[{\"@type\":\"ListItem\",\"position\":1,\"name\":\"GoldZino\",\"item\":\"https:\\\/\\\/goldzinocasino.com\\\/de\\\/\"},{\"@type\":\"ListItem\",\"position\":2,\"name\":\"Anmeldung und Registrierung\"}]},{\"@type\":\"WebSite\",\"@id\":\"https:\\\/\\\/goldzinocasino.com\\\/de\\\/#website\",\"url\":\"https:\\\/\\\/goldzinocasino.com\\\/de\\\/\",\"name\":\"GoldZino\",\"description\":\"\",\"publisher\":{\"@id\":\"https:\\\/\\\/goldzinocasino.com\\\/de\\\/#organization\"},\"potentialAction\":[{\"@type\":\"SearchAction\",\"target\":{\"@type\":\"EntryPoint\",\"urlTemplate\":\"https:\\\/\\\/goldzinocasino.com\\\/de\\\/?s={search_term_string}\"},\"query-input\":{\"@type\":\"PropertyValueSpecification\",\"valueRequired\":true,\"valueName\":\"search_term_string\"}}],\"inLanguage\":\"de\"},{\"@type\":\"Organization\",\"@id\":\"https:\\\/\\\/goldzinocasino.com\\\/de\\\/#organization\",\"name\":\"GoldZino\",\"url\":\"https:\\\/\\\/goldzinocasino.com\\\/de\\\/\",\"logo\":{\"@type\":\"ImageObject\",\"inLanguage\":\"de\",\"@id\":\"https:\\\/\\\/goldzinocasino.com\\\/de\\\/#\\\/schema\\\/logo\\\/image\\\/\",\"url\":\"https:\\\/\\\/goldzinocasino.com\\\/wp-content\\\/uploads\\\/2025\\\/12\\\/Casino-logo-Desktop-1.png\",\"contentUrl\":\"https:\\\/\\\/goldzinocasino.com\\\/wp-content\\\/uploads\\\/2025\\\/12\\\/Casino-logo-Desktop-1.png\",\"width\":209,\"height\":46,\"caption\":\"GoldZino\"},\"image\":{\"@id\":\"https:\\\/\\\/goldzinocasino.com\\\/de\\\/#\\\/schema\\\/logo\\\/image\\\/\"}}]}<\/script>\n<!-- \/ Yoast SEO plugin. -->","yoast_head_json":{"title":"Goldzino Login \u2013 Registrieren & Konto verwalten","description":"Registrieren, verwalten und verifizieren Sie Ihr Goldzino-Casino-Konto einfach. Erstellen, wiederherstellen oder schlie\u00dfen Sie Ihr Konto schnell und sicher \u00fcber den Goldzino-Login.","robots":{"index":"index","follow":"follow","max-snippet":"max-snippet:-1","max-image-preview":"max-image-preview:large","max-video-preview":"max-video-preview:-1"},"canonical":"https:\/\/goldzinocasino.com\/de\/anmeldung-und-registrierung\/","og_locale":"de_DE","og_type":"article","og_title":"Goldzino Login \u2013 Registrieren & Konto verwalten","og_description":"Registrieren, verwalten und verifizieren Sie Ihr Goldzino-Casino-Konto einfach. Erstellen, wiederherstellen oder schlie\u00dfen Sie Ihr Konto schnell und sicher \u00fcber den Goldzino-Login.","og_url":"https:\/\/goldzinocasino.com\/de\/anmeldung-und-registrierung\/","og_site_name":"goldzino","article_modified_time":"2025-12-23T08:17:25+00:00","twitter_card":"summary_large_image","twitter_misc":{"Gesch\u00e4tzte Lesezeit":"1\u00a0Minute"},"schema":{"@context":"https:\/\/schema.org","@graph":[{"@type":"WebPage","@id":"https:\/\/goldzinocasino.com\/de\/anmeldung-und-registrierung\/","url":"https:\/\/goldzinocasino.com\/de\/anmeldung-und-registrierung\/","name":"Goldzino Login \u2013 Registrieren & Konto verwalten","isPartOf":{"@id":"https:\/\/goldzinocasino.com\/de\/#website"},"datePublished":"2025-12-22T13:49:37+00:00","dateModified":"2025-12-23T08:17:25+00:00","description":"Registrieren, verwalten und verifizieren Sie Ihr Goldzino-Casino-Konto einfach. Erstellen, wiederherstellen oder schlie\u00dfen Sie Ihr Konto schnell und sicher \u00fcber den Goldzino-Login.","breadcrumb":{"@id":"https:\/\/goldzinocasino.com\/de\/anmeldung-und-registrierung\/#breadcrumb"},"inLanguage":"de","potentialAction":[{"@type":"ReadAction","target":["https:\/\/goldzinocasino.com\/de\/anmeldung-und-registrierung\/"]}]},{"@type":"BreadcrumbList","@id":"https:\/\/goldzinocasino.com\/de\/anmeldung-und-registrierung\/#breadcrumb","itemListElement":[{"@type":"ListItem","position":1,"name":"GoldZino","item":"https:\/\/goldzinocasino.com\/de\/"},{"@type":"ListItem","position":2,"name":"Anmeldung und Registrierung"}]},{"@type":"WebSite","@id":"https:\/\/goldzinocasino.com\/de\/#website","url":"https:\/\/goldzinocasino.com\/de\/","name":"GoldZino","description":"","publisher":{"@id":"https:\/\/goldzinocasino.com\/de\/#organization"},"potentialAction":[{"@type":"SearchAction","target":{"@type":"EntryPoint","urlTemplate":"https:\/\/goldzinocasino.com\/de\/?s={search_term_string}"},"query-input":{"@type":"PropertyValueSpecification","valueRequired":true,"valueName":"search_term_string"}}],"inLanguage":"de"},{"@type":"Organization","@id":"https:\/\/goldzinocasino.com\/de\/#organization","name":"GoldZino","url":"https:\/\/goldzinocasino.com\/de\/","logo":{"@type":"ImageObject","inLanguage":"de","@id":"https:\/\/goldzinocasino.com\/de\/#\/schema\/logo\/image\/","url":"https:\/\/goldzinocasino.com\/wp-content\/uploads\/2025\/12\/Casino-logo-Desktop-1.png","contentUrl":"https:\/\/goldzinocasino.com\/wp-content\/uploads\/2025\/12\/Casino-logo-Desktop-1.png","width":209,"height":46,"caption":"GoldZino"},"image":{"@id":"https:\/\/goldzinocasino.com\/de\/#\/schema\/logo\/image\/"}}]}},"_links":{"self":[{"href":"https:\/\/goldzinocasino.com\/de\/wp-json\/wp\/v2\/pages\/1783","targetHints":{"allow":["GET"]}}],"collection":[{"href":"https:\/\/goldzinocasino.com\/de\/wp-json\/wp\/v2\/pages"}],"about":[{"href":"https:\/\/goldzinocasino.com\/de\/wp-json\/wp\/v2\/types\/page"}],"author":[{"embeddable":true,"href":"https:\/\/goldzinocasino.com\/de\/wp-json\/wp\/v2\/users\/1"}],"replies":[{"embeddable":true,"href":"https:\/\/goldzinocasino.com\/de\/wp-json\/wp\/v2\/comments?post=1783"}],"version-history":[{"count":2,"href":"https:\/\/goldzinocasino.com\/de\/wp-json\/wp\/v2\/pages\/1783\/revisions"}],"predecessor-version":[{"id":1878,"href":"https:\/\/goldzinocasino.com\/de\/wp-json\/wp\/v2\/pages\/1783\/revisions\/1878"}],"wp:attachment":[{"href":"https:\/\/goldzinocasino.com\/de\/wp-json\/wp\/v2\/media?parent=1783"}],"curies":[{"name":"wp","href":"https:\/\/api.w.org\/{rel}","templated":true}]}}